{"id":1417,"date":"2017-03-14T17:29:51","date_gmt":"2017-03-14T16:29:51","guid":{"rendered":"https:\/\/demaq.com\/wordpress\/?page_id=1417"},"modified":"2026-03-11T11:54:49","modified_gmt":"2026-03-11T10:54:49","slug":"proteccion-de-datos","status":"publish","type":"page","link":"https:\/\/demaq.com\/en\/proteccion-de-datos\/","title":{"rendered":"Data protection"},"content":{"rendered":"<div style=\"height:100px\" aria-hidden=\"true\" class=\"wp-block-spacer\"><\/div>\n\n\n\n<p class=\"has-accent-color has-text-color has-link-color has-montserrat-font-family wp-elements-88f5c202682377e93ad3b3be806fa7fe\">In compliance with personal data regulations and in accordance with Law L.O. 15\/1999, the personal data provided through this form will be included in a file owned by Demaq Galicia, S.L.<\/p>\n\n\n\n<p class=\"has-accent-color has-text-color has-link-color has-montserrat-font-family wp-elements-f49f4eb7b84739a65f06316738c1513d\">By submitting this data, the user or client gives their consent for it to be included in this file, which is intended for sending commercial or informational communications.<\/p>\n\n\n\n<p class=\"has-accent-color has-text-color has-link-color has-montserrat-font-family wp-elements-ccb7c52f6bd66000c2633822d8dab58c\">In accordance with this law, Demaq Galicia S.L. will not transfer these data, in whole or in part, to any company or organization, nor will it use them for purposes other than those described above.<\/p>\n\n\n\n<p class=\"has-accent-color has-text-color has-link-color has-montserrat-font-family wp-elements-d122cf20008ff40699f57f33364c4628\">The data subject may exercise their rights of access, rectification, cancellation, and objection under the terms and timeframes established by Law L.O. 15\/1999 by contacting:<\/p>\n\n\n\n<p class=\"has-accent-color has-text-color has-link-color has-montserrat-font-family wp-elements-d8e2888708132a38a48ef2b2757dd847\">Demaq Galicia S.L.<\/p>\n\n\n\n<p class=\"has-accent-color has-text-color has-link-color has-montserrat-font-family wp-elements-5fd92acf08cd2a8418a0df12736cb9a4\">Pol\u00edgono Industrial Sete Pontes<\/p>\n\n\n\n<p class=\"has-accent-color has-text-color has-link-color has-montserrat-font-family wp-elements-8c1214de9998305943030f5fa943dad3\">R\u00faa do Salgueiro P27B<\/p>\n\n\n\n<p class=\"has-accent-color has-text-color has-link-color has-montserrat-font-family wp-elements-b02a6831cd5ada51c83789c966dbc746\">Vilalba \u2013 LUGO C.P.: 27800<\/p>\n\n\n\n<p class=\"has-accent-color has-text-color has-link-color has-montserrat-font-family wp-elements-e9b294023ec6acfc24faee47f4225b76\">GALICIA \u2013 ESPA\u00d1A<\/p>\n\n\n\n<p>&nbsp;<\/p>","protected":false},"excerpt":{"rendered":"<p>En cumplimiento de la normativa de datos de car\u00e1cter personal y de acuerdo con la L.O 15\/1999, los datos de car\u00e1cter personal aportados a trav\u00e9s de la cumplimentaci\u00f3n de este formulario formar\u00e1n parte de un fichero propiedad de Demaq Galicia, S.L. Al enviar estos datos, el usuario o cliente da su consentimiento para que formen [&hellip;]<\/p>\n","protected":false},"author":4,"featured_media":0,"parent":0,"menu_order":0,"comment_status":"closed","ping_status":"closed","template":"general","meta":{"_themeisle_gutenberg_block_has_review":false,"footnotes":""},"class_list":["post-1417","page","type-page","status-publish","hentry"],"yoast_head":"<!-- This site is optimized with the Yoast SEO plugin v27.2 - https:\/\/yoast.com\/product\/yoast-seo-wordpress\/ -->\n<title>Protecci\u00f3n de datos - DEMAQ<\/title>\n<meta name=\"robots\" content=\"index, follow, max-snippet:-1, max-image-preview:large, max-video-preview:-1\" \/>\n<link rel=\"canonical\" href=\"https:\/\/demaq.com\/en\/proteccion-de-datos\/\" \/>\n<meta property=\"og:locale\" content=\"en_US\" \/>\n<meta property=\"og:type\" content=\"article\" \/>\n<meta property=\"og:title\" content=\"Protecci\u00f3n de datos - DEMAQ\" \/>\n<meta property=\"og:description\" content=\"En cumplimiento de la normativa de datos de car\u00e1cter personal y de acuerdo con la L.O 15\/1999, los datos de car\u00e1cter personal aportados a trav\u00e9s de la cumplimentaci\u00f3n de este formulario formar\u00e1n parte de un fichero propiedad de Demaq Galicia, S.L. Al enviar estos datos, el usuario o cliente da su consentimiento para que formen [&hellip;]\" \/>\n<meta property=\"og:url\" content=\"https:\/\/demaq.com\/en\/proteccion-de-datos\/\" \/>\n<meta property=\"og:site_name\" content=\"DEMAQ\" \/>\n<meta property=\"article:modified_time\" content=\"2026-03-11T10:54:49+00:00\" \/>\n<meta name=\"twitter:card\" content=\"summary_large_image\" \/>\n<meta name=\"twitter:label1\" content=\"Est. reading time\" \/>\n\t<meta name=\"twitter:data1\" content=\"1 minute\" \/>\n<script type=\"application\/ld+json\" class=\"yoast-schema-graph\">{\"@context\":\"https:\/\/schema.org\",\"@graph\":[{\"@type\":\"WebPage\",\"@id\":\"https:\/\/demaq.com\/proteccion-de-datos\/\",\"url\":\"https:\/\/demaq.com\/proteccion-de-datos\/\",\"name\":\"Protecci\u00f3n de datos - DEMAQ\",\"isPartOf\":{\"@id\":\"https:\/\/demaq.com\/#website\"},\"datePublished\":\"2017-03-14T16:29:51+00:00\",\"dateModified\":\"2026-03-11T10:54:49+00:00\",\"breadcrumb\":{\"@id\":\"https:\/\/demaq.com\/proteccion-de-datos\/#breadcrumb\"},\"inLanguage\":\"en-US\",\"potentialAction\":[{\"@type\":\"ReadAction\",\"target\":[\"https:\/\/demaq.com\/proteccion-de-datos\/\"]}]},{\"@type\":\"BreadcrumbList\",\"@id\":\"https:\/\/demaq.com\/proteccion-de-datos\/#breadcrumb\",\"itemListElement\":[{\"@type\":\"ListItem\",\"position\":1,\"name\":\"Portada\",\"item\":\"https:\/\/demaq.com\/\"},{\"@type\":\"ListItem\",\"position\":2,\"name\":\"PROTECCI\u00d3N DE DATOS\"}]},{\"@type\":\"WebSite\",\"@id\":\"https:\/\/demaq.com\/#website\",\"url\":\"https:\/\/demaq.com\/\",\"name\":\"DEMAQ\",\"description\":\"\",\"publisher\":{\"@id\":\"https:\/\/demaq.com\/#organization\"},\"potentialAction\":[{\"@type\":\"SearchAction\",\"target\":{\"@type\":\"EntryPoint\",\"urlTemplate\":\"https:\/\/demaq.com\/?s={search_term_string}\"},\"query-input\":{\"@type\":\"PropertyValueSpecification\",\"valueRequired\":true,\"valueName\":\"search_term_string\"}}],\"inLanguage\":\"en-US\"},{\"@type\":\"Organization\",\"@id\":\"https:\/\/demaq.com\/#organization\",\"name\":\"DEMAQ\",\"url\":\"https:\/\/demaq.com\/\",\"logo\":{\"@type\":\"ImageObject\",\"inLanguage\":\"en-US\",\"@id\":\"https:\/\/demaq.com\/#\/schema\/logo\/image\/\",\"url\":\"https:\/\/demaq.com\/wp-content\/uploads\/logo-demaq.png\",\"contentUrl\":\"https:\/\/demaq.com\/wp-content\/uploads\/logo-demaq.png\",\"width\":400,\"height\":62,\"caption\":\"DEMAQ\"},\"image\":{\"@id\":\"https:\/\/demaq.com\/#\/schema\/logo\/image\/\"}}]}<\/script>\n<!-- \/ Yoast SEO plugin. -->","yoast_head_json":{"title":"Protecci\u00f3n de datos - DEMAQ","robots":{"index":"index","follow":"follow","max-snippet":"max-snippet:-1","max-image-preview":"max-image-preview:large","max-video-preview":"max-video-preview:-1"},"canonical":"https:\/\/demaq.com\/en\/proteccion-de-datos\/","og_locale":"en_US","og_type":"article","og_title":"Protecci\u00f3n de datos - DEMAQ","og_description":"En cumplimiento de la normativa de datos de car\u00e1cter personal y de acuerdo con la L.O 15\/1999, los datos de car\u00e1cter personal aportados a trav\u00e9s de la cumplimentaci\u00f3n de este formulario formar\u00e1n parte de un fichero propiedad de Demaq Galicia, S.L. Al enviar estos datos, el usuario o cliente da su consentimiento para que formen [&hellip;]","og_url":"https:\/\/demaq.com\/en\/proteccion-de-datos\/","og_site_name":"DEMAQ","article_modified_time":"2026-03-11T10:54:49+00:00","twitter_card":"summary_large_image","twitter_misc":{"Est. reading time":"1 minute"},"schema":{"@context":"https:\/\/schema.org","@graph":[{"@type":"WebPage","@id":"https:\/\/demaq.com\/proteccion-de-datos\/","url":"https:\/\/demaq.com\/proteccion-de-datos\/","name":"Protecci\u00f3n de datos - DEMAQ","isPartOf":{"@id":"https:\/\/demaq.com\/#website"},"datePublished":"2017-03-14T16:29:51+00:00","dateModified":"2026-03-11T10:54:49+00:00","breadcrumb":{"@id":"https:\/\/demaq.com\/proteccion-de-datos\/#breadcrumb"},"inLanguage":"en-US","potentialAction":[{"@type":"ReadAction","target":["https:\/\/demaq.com\/proteccion-de-datos\/"]}]},{"@type":"BreadcrumbList","@id":"https:\/\/demaq.com\/proteccion-de-datos\/#breadcrumb","itemListElement":[{"@type":"ListItem","position":1,"name":"Portada","item":"https:\/\/demaq.com\/"},{"@type":"ListItem","position":2,"name":"PROTECCI\u00d3N DE DATOS"}]},{"@type":"WebSite","@id":"https:\/\/demaq.com\/#website","url":"https:\/\/demaq.com\/","name":"DEMAQ","description":"","publisher":{"@id":"https:\/\/demaq.com\/#organization"},"potentialAction":[{"@type":"SearchAction","target":{"@type":"EntryPoint","urlTemplate":"https:\/\/demaq.com\/?s={search_term_string}"},"query-input":{"@type":"PropertyValueSpecification","valueRequired":true,"valueName":"search_term_string"}}],"inLanguage":"en-US"},{"@type":"Organization","@id":"https:\/\/demaq.com\/#organization","name":"DEMAQ","url":"https:\/\/demaq.com\/","logo":{"@type":"ImageObject","inLanguage":"en-US","@id":"https:\/\/demaq.com\/#\/schema\/logo\/image\/","url":"https:\/\/demaq.com\/wp-content\/uploads\/logo-demaq.png","contentUrl":"https:\/\/demaq.com\/wp-content\/uploads\/logo-demaq.png","width":400,"height":62,"caption":"DEMAQ"},"image":{"@id":"https:\/\/demaq.com\/#\/schema\/logo\/image\/"}}]}},"_links":{"self":[{"href":"https:\/\/demaq.com\/en\/wp-json\/wp\/v2\/pages\/1417","targetHints":{"allow":["GET"]}}],"collection":[{"href":"https:\/\/demaq.com\/en\/wp-json\/wp\/v2\/pages"}],"about":[{"href":"https:\/\/demaq.com\/en\/wp-json\/wp\/v2\/types\/page"}],"author":[{"embeddable":true,"href":"https:\/\/demaq.com\/en\/wp-json\/wp\/v2\/users\/4"}],"replies":[{"embeddable":true,"href":"https:\/\/demaq.com\/en\/wp-json\/wp\/v2\/comments?post=1417"}],"version-history":[{"count":5,"href":"https:\/\/demaq.com\/en\/wp-json\/wp\/v2\/pages\/1417\/revisions"}],"predecessor-version":[{"id":5036,"href":"https:\/\/demaq.com\/en\/wp-json\/wp\/v2\/pages\/1417\/revisions\/5036"}],"wp:attachment":[{"href":"https:\/\/demaq.com\/en\/wp-json\/wp\/v2\/media?parent=1417"}],"curies":[{"name":"wp","href":"https:\/\/api.w.org\/{rel}","templated":true}]}}