{"id":1736,"date":"2017-03-24T14:33:54","date_gmt":"2017-03-24T13:33:54","guid":{"rendered":"https:\/\/demaq.com\/wordpress\/?page_id=1736"},"modified":"2026-03-30T09:02:40","modified_gmt":"2026-03-30T08:02:40","slug":"empresa","status":"publish","type":"page","link":"https:\/\/demaq.com\/en\/empresa\/","title":{"rendered":"Company"},"content":{"rendered":"<p class=\"has-accent-color has-text-color has-link-color has-montserrat-font-family has-extra-large-font-size wp-elements-75b99e89dd6489820076e1d87daf2b94\"><strong>Company<\/strong><\/p>\n\n\n\n<p class=\"has-accent-color has-text-color has-link-color has-montserrat-font-family wp-elements-0f1e5a876cf2be4efe73422c1b21cd1e\">Demaq Galicia has its own machining, electrical, and hydraulic workshop, as well as facilities suitable for assembly and acceptance testing of equipment.<\/p>\n\n\n\n<p class=\"has-accent-color has-text-color has-link-color has-montserrat-font-family wp-elements-52affaaf944053adf099e50ceb8221f7\">The manufacturing of our products is based on standard modular concepts, but thanks to Demaq\u2019s design engineering team, we have the capability to adapt to any customer requirement.<\/p>\n\n\n\n<div style=\"height:50px\" aria-hidden=\"true\" class=\"wp-block-spacer\"><\/div>\n\n\n\n<div class=\"wp-block-columns alignwide is-layout-flex wp-container-core-columns-is-layout-28f84493 wp-block-columns-is-layout-flex\">\n<div class=\"wp-block-column is-layout-constrained wp-block-column-is-layout-constrained\">\n<div id=\"wp-block-themeisle-blocks-advanced-columns-f0d39e55\" class=\"wp-block-themeisle-blocks-advanced-columns alignfull has-3-columns has-desktop-equal-layout has-tablet-equal-layout has-mobile-collapsedRows-layout has-vertical-unset has-light-bg\"><div class=\"wp-block-themeisle-blocks-advanced-columns-overlay\"><\/div><div class=\"innerblocks-wrap\">\n<div id=\"wp-block-themeisle-blocks-advanced-column-df3a3bbe\" class=\"wp-block-themeisle-blocks-advanced-column has-light-bg\">\n<div id=\"wp-block-themeisle-blocks-font-awesome-icons-7b689dc6\" class=\"wp-block-themeisle-blocks-font-awesome-icons\"><span class=\"wp-block-themeisle-blocks-font-awesome-icons-container\"><i class=\"fas fa-tools\"><\/i><\/span><\/div>\n\n\n\n<h3 class=\"wp-block-heading has-text-align-left has-secaccent-color has-text-color has-bankgothic-font-family\" style=\"margin-top:0px\">Key Materials <\/h3>\n\n\n\n<p class=\"has-text-align-left has-accent-color has-text-color has-link-color has-montserrat-font-family wp-elements-c47371b8c1fd7e59d0b9eb756b4c7e92\">We use high-quality materials in all components, ensuring maximum reliability of our equipment.<\/p>\n<\/div>\n\n\n\n<div id=\"wp-block-themeisle-blocks-advanced-column-a92486ee\" class=\"wp-block-themeisle-blocks-advanced-column has-light-bg\">\n<div id=\"wp-block-themeisle-blocks-font-awesome-icons-a8eb2801\" class=\"wp-block-themeisle-blocks-font-awesome-icons\"><span class=\"wp-block-themeisle-blocks-font-awesome-icons-container\"><i class=\"fas fa-thumbs-up\"><\/i><\/span><\/div>\n\n\n\n<h3 class=\"wp-block-heading has-text-align-left has-secaccent-color has-text-color has-bankgothic-font-family\" style=\"margin-top:0px\">Guaranteed Quality<\/h3>\n\n\n\n<p class=\"has-text-align-left has-accent-color has-text-color has-link-color has-montserrat-font-family wp-elements-bb5044a0d42b8d158a06ac803f335b1b\">All equipment is designed and manufactured by Demaq, complying with safety requirements and CE marking.<\/p>\n<\/div>\n\n\n\n<div id=\"wp-block-themeisle-blocks-advanced-column-0c34f1ca\" class=\"wp-block-themeisle-blocks-advanced-column has-light-bg\">\n<div id=\"wp-block-themeisle-blocks-font-awesome-icons-a58203cd\" class=\"wp-block-themeisle-blocks-font-awesome-icons\"><span class=\"wp-block-themeisle-blocks-font-awesome-icons-container\"><i class=\"fas fa-users\"><\/i><\/span><\/div>\n\n\n\n<h3 class=\"wp-block-heading has-text-align-left has-secaccent-color has-text-color has-bankgothic-font-family\" style=\"margin-top:0px\">Expert Team<\/h3>\n\n\n\n<p class=\"has-text-align-left has-accent-color has-text-color has-link-color has-montserrat-font-family wp-elements-583de0359bac62d7b934aa3a4394abbb\">We have qualified in-house personnel for engineering, machining, and electrical and mechanical assembly.<\/p>\n<\/div>\n<\/div><\/div>\n<\/div>\n<\/div>\n\n\n\n<div style=\"height:50px\" aria-hidden=\"true\" class=\"wp-block-spacer\"><\/div>\n\n\n\n<p class=\"has-text-align-left has-accent-color has-text-color has-link-color has-montserrat-font-family has-extra-large-font-size wp-elements-371240398aec5f54110069c48c1f1afe\"><strong>Sectors<\/strong><\/p>\n\n\n\n<p class=\".wp-block-image a, .wp-block-image img {     pointer-events: none;     cursor: default; }  .wp-block-image img:hover {     transform: none !important; }\"><\/p>\n\n\n\n<div class=\"wp-block-columns alignwide is-layout-flex wp-container-core-columns-is-layout-28f84493 wp-block-columns-is-layout-flex\">\n<div class=\"wp-block-column is-layout-flow wp-block-column-is-layout-flow\" style=\"border-style:none;border-width:0px\">\n<div id=\"wp-block-themeisle-blocks-advanced-columns-c6e5fb78\" class=\"wp-block-themeisle-blocks-advanced-columns has-1-columns has-desktop-equal-layout has-tablet-equal-layout has-mobile-equal-layout has-vertical-unset\"><div class=\"wp-block-themeisle-blocks-advanced-columns-overlay\"><\/div><div class=\"innerblocks-wrap\">\n<div id=\"wp-block-themeisle-blocks-advanced-column-a8c5e2f9\" class=\"wp-block-themeisle-blocks-advanced-column\">\n<div id=\"wp-block-themeisle-blocks-advanced-columns-86ffb1b2\" class=\"wp-block-themeisle-blocks-advanced-columns has-1-columns has-desktop-equal-layout has-tablet-equal-layout has-mobile-equal-layout has-vertical-unset\"><div class=\"wp-block-themeisle-blocks-advanced-columns-overlay\"><\/div><div class=\"innerblocks-wrap\">\n<div id=\"wp-block-themeisle-blocks-advanced-column-2a66d8ae\" class=\"wp-block-themeisle-blocks-advanced-column\">\n<div id=\"wp-block-themeisle-blocks-advanced-columns-a72eaa20\" class=\"wp-block-themeisle-blocks-advanced-columns has-1-columns has-desktop-equal-layout has-tablet-equal-layout has-mobile-collapsedRows-layout has-vertical-unset\"><div class=\"wp-block-themeisle-blocks-advanced-columns-overlay\"><\/div><div class=\"innerblocks-wrap\">\n<div id=\"wp-block-themeisle-blocks-advanced-column-726225d5\" class=\"wp-block-themeisle-blocks-advanced-column\">\n<div id=\"wp-block-themeisle-blocks-advanced-columns-4b46d456\" class=\"wp-block-themeisle-blocks-advanced-columns has-1-columns has-desktop-equal-layout has-tablet-equal-layout has-mobile-equal-layout has-vertical-unset\"><div class=\"wp-block-themeisle-blocks-advanced-columns-overlay\"><\/div><div class=\"innerblocks-wrap\">\n<div id=\"wp-block-themeisle-blocks-advanced-column-ce627220\" class=\"wp-block-themeisle-blocks-advanced-column\">\n<figure class=\"wp-block-image size-large\"><img loading=\"lazy\" decoding=\"async\" width=\"1024\" height=\"683\" src=\"https:\/\/demaq.com\/wp-content\/uploads\/imagen-automocion-1024x683.jpg\" alt=\"\" class=\"wp-image-4288\" srcset=\"https:\/\/demaq.com\/wp-content\/uploads\/imagen-automocion-1024x683.jpg 1024w, https:\/\/demaq.com\/wp-content\/uploads\/imagen-automocion-300x200.jpg 300w, https:\/\/demaq.com\/wp-content\/uploads\/imagen-automocion-768x512.jpg 768w, https:\/\/demaq.com\/wp-content\/uploads\/imagen-automocion-1536x1024.jpg 1536w, https:\/\/demaq.com\/wp-content\/uploads\/imagen-automocion-2048x1365.jpg 2048w\" sizes=\"auto, (max-width: 1024px) 100vw, 1024px\" \/><\/figure>\n\n\n\n<h3 class=\"wp-block-heading has-accent-color has-text-color has-link-color wp-elements-1b1b05c488d2ea5be683bc8b81204b77\">Automotive<\/h3>\n<\/div>\n<\/div><\/div>\n<\/div>\n<\/div><\/div>\n<\/div>\n<\/div><\/div>\n<\/div>\n<\/div><\/div>\n<\/div>\n\n\n\n<div class=\"wp-block-column is-layout-flow wp-block-column-is-layout-flow\">\n<figure class=\"wp-block-image size-large\"><img loading=\"lazy\" decoding=\"async\" width=\"1024\" height=\"683\" src=\"https:\/\/demaq.com\/wp-content\/uploads\/imagen-solar-1024x683.jpg\" alt=\"\" class=\"wp-image-4290\" srcset=\"https:\/\/demaq.com\/wp-content\/uploads\/imagen-solar-1024x683.jpg 1024w, https:\/\/demaq.com\/wp-content\/uploads\/imagen-solar-300x200.jpg 300w, https:\/\/demaq.com\/wp-content\/uploads\/imagen-solar-768x512.jpg 768w, https:\/\/demaq.com\/wp-content\/uploads\/imagen-solar-1536x1024.jpg 1536w, https:\/\/demaq.com\/wp-content\/uploads\/imagen-solar-2048x1365.jpg 2048w\" sizes=\"auto, (max-width: 1024px) 100vw, 1024px\" \/><\/figure>\n\n\n\n<h3 class=\"wp-block-heading has-accent-color has-text-color has-link-color wp-elements-d42deee81fb6c15f0dbff8544ee20d8c\">Solar<\/h3>\n<\/div>\n\n\n\n<div class=\"wp-block-column is-layout-flow wp-block-column-is-layout-flow\">\n<figure class=\"wp-block-image size-large\"><img loading=\"lazy\" decoding=\"async\" width=\"1024\" height=\"683\" src=\"https:\/\/demaq.com\/wp-content\/uploads\/imagen-civil-1024x683.jpg\" alt=\"\" class=\"wp-image-4289\" srcset=\"https:\/\/demaq.com\/wp-content\/uploads\/imagen-civil-1024x683.jpg 1024w, https:\/\/demaq.com\/wp-content\/uploads\/imagen-civil-300x200.jpg 300w, https:\/\/demaq.com\/wp-content\/uploads\/imagen-civil-768x512.jpg 768w, https:\/\/demaq.com\/wp-content\/uploads\/imagen-civil-1536x1024.jpg 1536w, https:\/\/demaq.com\/wp-content\/uploads\/imagen-civil-2048x1365.jpg 2048w\" sizes=\"auto, (max-width: 1024px) 100vw, 1024px\" \/><\/figure>\n\n\n\n<h3 class=\"wp-block-heading has-accent-color has-text-color has-link-color wp-elements-9d373801ec40c3d9c20d585c40f9efb7\">Civil<\/h3>\n<\/div>\n<\/div>\n\n\n\n<div style=\"height:50px\" aria-hidden=\"true\" class=\"wp-block-spacer\"><\/div>\n\n\n\n<div class=\"wp-block-group alignwide banner-button-row is-content-justification-center is-layout-flex wp-container-core-group-is-layout-01c28f9a wp-block-group-is-layout-flex\" style=\"margin-top:var(--wp--preset--spacing--50);margin-bottom:var(--wp--preset--spacing--50)\">\n<div class=\"wp-block-buttons banner-button-row01 is-layout-flex wp-container-core-buttons-is-layout-0272748e wp-block-buttons-is-layout-flex\" style=\"margin-top:0;margin-bottom:0\">\n<div class=\"wp-block-button banner-button01\"><a class=\"wp-block-button__link has-background-color has-secaccent-background-color has-text-color has-background has-link-color has-border-color has-secaccent-border-color has-bankgothic-font-family has-upper-heading-font-size has-custom-font-size wp-element-button\" href=\"https:\/\/demaq.com\/en\/sectores\/\" style=\"border-width:1px;border-top-left-radius:0px;border-top-right-radius:0px;border-bottom-left-radius:0px;border-bottom-right-radius:0px;padding-top:var(--wp--preset--spacing--40);padding-right:var(--wp--preset--spacing--50);padding-bottom:var(--wp--preset--spacing--40);padding-left:var(--wp--preset--spacing--50);font-style:normal;font-weight:700;text-decoration:none\">Learn more<\/a><\/div>\n<\/div>\n<\/div>\n\n\n\n<div style=\"height:50px\" aria-hidden=\"true\" class=\"wp-block-spacer\"><\/div>\n\n\n\n<div class=\"wp-block-columns is-layout-flex wp-container-core-columns-is-layout-28f84493 wp-block-columns-is-layout-flex\">\n<div class=\"wp-block-column is-vertically-aligned-center is-layout-flow wp-block-column-is-layout-flow\">\n<p class=\"has-accent-color has-text-color has-link-color has-montserrat-font-family has-extra-large-font-size wp-elements-ef986dcf29ea48ce7bab097e846ab2bc\"><strong>Flexibility and Support<\/strong><\/p>\n\n\n\n<p class=\"has-text-align-left has-accent-color has-text-color has-link-color has-montserrat-font-family wp-elements-45393c3b9068b18b247a522b1b6347d5\">Our company size and autonomy, both in design and manufacturing, allow us to be flexible in production and in making changes to equipment configurations. Prior to delivery, all kinds of tests are carried out to optimize the final performance of the machines.<\/p>\n\n\n\n<p class=\"has-accent-color has-text-color has-link-color wp-elements-55b9f12031acb54533f7468d8fb08522\">Technical support is provided by the same personnel who assembled the equipment, ensuring thorough knowledge of the machines. Remote assistance options are also available.<\/p>\n\n\n\n<p><\/p>\n<\/div>\n<\/div>\n\n\n\n<div class=\"wp-block-columns is-layout-flex wp-container-core-columns-is-layout-28f84493 wp-block-columns-is-layout-flex\">\n<div class=\"wp-block-column is-layout-flow wp-block-column-is-layout-flow\">\n<figure class=\"wp-block-image size-large\"><img loading=\"lazy\" decoding=\"async\" width=\"1024\" height=\"683\" src=\"https:\/\/demaq.com\/wp-content\/uploads\/imagen-taller-1024x683.jpg\" alt=\"\" class=\"wp-image-4413\" srcset=\"https:\/\/demaq.com\/wp-content\/uploads\/imagen-taller-1024x683.jpg 1024w, https:\/\/demaq.com\/wp-content\/uploads\/imagen-taller-300x200.jpg 300w, https:\/\/demaq.com\/wp-content\/uploads\/imagen-taller-768x512.jpg 768w, https:\/\/demaq.com\/wp-content\/uploads\/imagen-taller.jpg 1200w\" sizes=\"auto, (max-width: 1024px) 100vw, 1024px\" \/><\/figure>\n<\/div>\n\n\n\n<div class=\"wp-block-column is-layout-flow wp-block-column-is-layout-flow\">\n<figure class=\"wp-block-image size-large ticss-4dfbfeb7\"><img loading=\"lazy\" decoding=\"async\" width=\"1024\" height=\"683\" src=\"https:\/\/demaq.com\/wp-content\/uploads\/imagen-taller-2-1024x683.jpg\" alt=\"\" class=\"wp-image-4426\" srcset=\"https:\/\/demaq.com\/wp-content\/uploads\/imagen-taller-2-1024x683.jpg 1024w, https:\/\/demaq.com\/wp-content\/uploads\/imagen-taller-2-300x200.jpg 300w, https:\/\/demaq.com\/wp-content\/uploads\/imagen-taller-2-768x512.jpg 768w, https:\/\/demaq.com\/wp-content\/uploads\/imagen-taller-2.jpg 1200w\" sizes=\"auto, (max-width: 1024px) 100vw, 1024px\" \/><\/figure>\n<\/div>\n<\/div>\n\n\n\n<div style=\"height:30px\" aria-hidden=\"true\" class=\"wp-block-spacer\"><\/div>\n\n\n\n<p><\/p>","protected":false},"excerpt":{"rendered":"<p>Empresa Demaq Galicia cuenta con taller de mecanizado, el\u00e9ctrico e hidr\u00e1ulico propio, as\u00ed como instalaciones adecuadas para montaje y aceptaci\u00f3n de equipos. La fabricaci\u00f3n de nuestros productos parte de unos conceptos de m\u00f3dulos est\u00e1ndar, pero gracias al equipo de ingenier\u00eda de dise\u00f1o de Demaq, tenemos la capacidad de adaptarnos a cualquier necesidad del cliente. Sectores [&hellip;]<\/p>\n","protected":false},"author":4,"featured_media":0,"parent":0,"menu_order":0,"comment_status":"closed","ping_status":"closed","template":"empresa","meta":{"_themeisle_gutenberg_block_has_review":false,"footnotes":""},"class_list":["post-1736","page","type-page","status-publish","hentry"],"yoast_head":"<!-- This site is optimized with the Yoast SEO plugin v27.2 - https:\/\/yoast.com\/product\/yoast-seo-wordpress\/ -->\n<title>Empresa - DEMAQ<\/title>\n<meta name=\"description\" content=\"Demaq Galicia cuenta con taller de mecanizado, el\u00e9ctrico e hidr\u00e1ulico propio. Fabricamos maquinaria industrial y nos adaptamos a las necesidades de cada cliente con soluciones a medida.\" \/>\n<meta name=\"robots\" content=\"index, follow, max-snippet:-1, max-image-preview:large, max-video-preview:-1\" \/>\n<link rel=\"canonical\" href=\"https:\/\/demaq.com\/en\/empresa\/\" \/>\n<meta property=\"og:locale\" content=\"en_US\" \/>\n<meta property=\"og:type\" content=\"article\" \/>\n<meta property=\"og:title\" content=\"Empresa - DEMAQ\" \/>\n<meta property=\"og:description\" content=\"Demaq Galicia cuenta con taller de mecanizado, el\u00e9ctrico e hidr\u00e1ulico propio. Fabricamos maquinaria industrial y nos adaptamos a las necesidades de cada cliente con soluciones a medida.\" \/>\n<meta property=\"og:url\" content=\"https:\/\/demaq.com\/en\/empresa\/\" \/>\n<meta property=\"og:site_name\" content=\"DEMAQ\" \/>\n<meta property=\"article:modified_time\" content=\"2026-03-30T08:02:40+00:00\" \/>\n<meta property=\"og:image\" content=\"https:\/\/demaq.com\/wp-content\/uploads\/imagen-automocion-scaled.jpg\" \/>\n\t<meta property=\"og:image:width\" content=\"2560\" \/>\n\t<meta property=\"og:image:height\" content=\"1707\" \/>\n\t<meta property=\"og:image:type\" content=\"image\/jpeg\" \/>\n<meta name=\"twitter:card\" content=\"summary_large_image\" \/>\n<meta name=\"twitter:label1\" content=\"Est. reading time\" \/>\n\t<meta name=\"twitter:data1\" content=\"2 minutes\" \/>\n<script type=\"application\/ld+json\" class=\"yoast-schema-graph\">{\"@context\":\"https:\/\/schema.org\",\"@graph\":[{\"@type\":\"WebPage\",\"@id\":\"https:\/\/demaq.com\/empresa\/\",\"url\":\"https:\/\/demaq.com\/empresa\/\",\"name\":\"Empresa - DEMAQ\",\"isPartOf\":{\"@id\":\"https:\/\/demaq.com\/#website\"},\"primaryImageOfPage\":{\"@id\":\"https:\/\/demaq.com\/empresa\/#primaryimage\"},\"image\":{\"@id\":\"https:\/\/demaq.com\/empresa\/#primaryimage\"},\"thumbnailUrl\":\"https:\/\/demaq.com\/wp-content\/uploads\/imagen-automocion-1024x683.jpg\",\"datePublished\":\"2017-03-24T13:33:54+00:00\",\"dateModified\":\"2026-03-30T08:02:40+00:00\",\"description\":\"Demaq Galicia cuenta con taller de mecanizado, el\u00e9ctrico e hidr\u00e1ulico propio. Fabricamos maquinaria industrial y nos adaptamos a las necesidades de cada cliente con soluciones a medida.\",\"breadcrumb\":{\"@id\":\"https:\/\/demaq.com\/empresa\/#breadcrumb\"},\"inLanguage\":\"en-US\",\"potentialAction\":[{\"@type\":\"ReadAction\",\"target\":[\"https:\/\/demaq.com\/empresa\/\"]}]},{\"@type\":\"ImageObject\",\"inLanguage\":\"en-US\",\"@id\":\"https:\/\/demaq.com\/empresa\/#primaryimage\",\"url\":\"https:\/\/demaq.com\/wp-content\/uploads\/imagen-automocion-1024x683.jpg\",\"contentUrl\":\"https:\/\/demaq.com\/wp-content\/uploads\/imagen-automocion-1024x683.jpg\"},{\"@type\":\"BreadcrumbList\",\"@id\":\"https:\/\/demaq.com\/empresa\/#breadcrumb\",\"itemListElement\":[{\"@type\":\"ListItem\",\"position\":1,\"name\":\"Portada\",\"item\":\"https:\/\/demaq.com\/\"},{\"@type\":\"ListItem\",\"position\":2,\"name\":\"Empresa\"}]},{\"@type\":\"WebSite\",\"@id\":\"https:\/\/demaq.com\/#website\",\"url\":\"https:\/\/demaq.com\/\",\"name\":\"DEMAQ\",\"description\":\"\",\"publisher\":{\"@id\":\"https:\/\/demaq.com\/#organization\"},\"potentialAction\":[{\"@type\":\"SearchAction\",\"target\":{\"@type\":\"EntryPoint\",\"urlTemplate\":\"https:\/\/demaq.com\/?s={search_term_string}\"},\"query-input\":{\"@type\":\"PropertyValueSpecification\",\"valueRequired\":true,\"valueName\":\"search_term_string\"}}],\"inLanguage\":\"en-US\"},{\"@type\":\"Organization\",\"@id\":\"https:\/\/demaq.com\/#organization\",\"name\":\"DEMAQ\",\"url\":\"https:\/\/demaq.com\/\",\"logo\":{\"@type\":\"ImageObject\",\"inLanguage\":\"en-US\",\"@id\":\"https:\/\/demaq.com\/#\/schema\/logo\/image\/\",\"url\":\"https:\/\/demaq.com\/wp-content\/uploads\/logo-demaq.png\",\"contentUrl\":\"https:\/\/demaq.com\/wp-content\/uploads\/logo-demaq.png\",\"width\":400,\"height\":62,\"caption\":\"DEMAQ\"},\"image\":{\"@id\":\"https:\/\/demaq.com\/#\/schema\/logo\/image\/\"}}]}<\/script>\n<!-- \/ Yoast SEO plugin. -->","yoast_head_json":{"title":"Empresa - DEMAQ","description":"Demaq Galicia cuenta con taller de mecanizado, el\u00e9ctrico e hidr\u00e1ulico propio. Fabricamos maquinaria industrial y nos adaptamos a las necesidades de cada cliente con soluciones a medida.","robots":{"index":"index","follow":"follow","max-snippet":"max-snippet:-1","max-image-preview":"max-image-preview:large","max-video-preview":"max-video-preview:-1"},"canonical":"https:\/\/demaq.com\/en\/empresa\/","og_locale":"en_US","og_type":"article","og_title":"Empresa - DEMAQ","og_description":"Demaq Galicia cuenta con taller de mecanizado, el\u00e9ctrico e hidr\u00e1ulico propio. Fabricamos maquinaria industrial y nos adaptamos a las necesidades de cada cliente con soluciones a medida.","og_url":"https:\/\/demaq.com\/en\/empresa\/","og_site_name":"DEMAQ","article_modified_time":"2026-03-30T08:02:40+00:00","og_image":[{"width":2560,"height":1707,"url":"https:\/\/demaq.com\/wp-content\/uploads\/imagen-automocion-scaled.jpg","type":"image\/jpeg"}],"twitter_card":"summary_large_image","twitter_misc":{"Est. reading time":"2 minutes"},"schema":{"@context":"https:\/\/schema.org","@graph":[{"@type":"WebPage","@id":"https:\/\/demaq.com\/empresa\/","url":"https:\/\/demaq.com\/empresa\/","name":"Empresa - DEMAQ","isPartOf":{"@id":"https:\/\/demaq.com\/#website"},"primaryImageOfPage":{"@id":"https:\/\/demaq.com\/empresa\/#primaryimage"},"image":{"@id":"https:\/\/demaq.com\/empresa\/#primaryimage"},"thumbnailUrl":"https:\/\/demaq.com\/wp-content\/uploads\/imagen-automocion-1024x683.jpg","datePublished":"2017-03-24T13:33:54+00:00","dateModified":"2026-03-30T08:02:40+00:00","description":"Demaq Galicia cuenta con taller de mecanizado, el\u00e9ctrico e hidr\u00e1ulico propio. Fabricamos maquinaria industrial y nos adaptamos a las necesidades de cada cliente con soluciones a medida.","breadcrumb":{"@id":"https:\/\/demaq.com\/empresa\/#breadcrumb"},"inLanguage":"en-US","potentialAction":[{"@type":"ReadAction","target":["https:\/\/demaq.com\/empresa\/"]}]},{"@type":"ImageObject","inLanguage":"en-US","@id":"https:\/\/demaq.com\/empresa\/#primaryimage","url":"https:\/\/demaq.com\/wp-content\/uploads\/imagen-automocion-1024x683.jpg","contentUrl":"https:\/\/demaq.com\/wp-content\/uploads\/imagen-automocion-1024x683.jpg"},{"@type":"BreadcrumbList","@id":"https:\/\/demaq.com\/empresa\/#breadcrumb","itemListElement":[{"@type":"ListItem","position":1,"name":"Portada","item":"https:\/\/demaq.com\/"},{"@type":"ListItem","position":2,"name":"Empresa"}]},{"@type":"WebSite","@id":"https:\/\/demaq.com\/#website","url":"https:\/\/demaq.com\/","name":"DEMAQ","description":"","publisher":{"@id":"https:\/\/demaq.com\/#organization"},"potentialAction":[{"@type":"SearchAction","target":{"@type":"EntryPoint","urlTemplate":"https:\/\/demaq.com\/?s={search_term_string}"},"query-input":{"@type":"PropertyValueSpecification","valueRequired":true,"valueName":"search_term_string"}}],"inLanguage":"en-US"},{"@type":"Organization","@id":"https:\/\/demaq.com\/#organization","name":"DEMAQ","url":"https:\/\/demaq.com\/","logo":{"@type":"ImageObject","inLanguage":"en-US","@id":"https:\/\/demaq.com\/#\/schema\/logo\/image\/","url":"https:\/\/demaq.com\/wp-content\/uploads\/logo-demaq.png","contentUrl":"https:\/\/demaq.com\/wp-content\/uploads\/logo-demaq.png","width":400,"height":62,"caption":"DEMAQ"},"image":{"@id":"https:\/\/demaq.com\/#\/schema\/logo\/image\/"}}]}},"_links":{"self":[{"href":"https:\/\/demaq.com\/en\/wp-json\/wp\/v2\/pages\/1736","targetHints":{"allow":["GET"]}}],"collection":[{"href":"https:\/\/demaq.com\/en\/wp-json\/wp\/v2\/pages"}],"about":[{"href":"https:\/\/demaq.com\/en\/wp-json\/wp\/v2\/types\/page"}],"author":[{"embeddable":true,"href":"https:\/\/demaq.com\/en\/wp-json\/wp\/v2\/users\/4"}],"replies":[{"embeddable":true,"href":"https:\/\/demaq.com\/en\/wp-json\/wp\/v2\/comments?post=1736"}],"version-history":[{"count":163,"href":"https:\/\/demaq.com\/en\/wp-json\/wp\/v2\/pages\/1736\/revisions"}],"predecessor-version":[{"id":5338,"href":"https:\/\/demaq.com\/en\/wp-json\/wp\/v2\/pages\/1736\/revisions\/5338"}],"wp:attachment":[{"href":"https:\/\/demaq.com\/en\/wp-json\/wp\/v2\/media?parent=1736"}],"curies":[{"name":"wp","href":"https:\/\/api.w.org\/{rel}","templated":true}]}}