{"id":1828,"date":"2017-03-24T17:44:39","date_gmt":"2017-03-24T16:44:39","guid":{"rendered":"https:\/\/demaq.com\/wordpress\/?page_id=1828"},"modified":"2026-03-30T09:26:26","modified_gmt":"2026-03-30T08:26:26","slug":"productos","status":"publish","type":"page","link":"https:\/\/demaq.com\/en\/productos\/","title":{"rendered":"Products"},"content":{"rendered":"<p class=\"has-accent-color has-text-color has-link-color has-montserrat-font-family has-extra-large-font-size wp-elements-8724eab645ba3577ffeec2e05179e821\"><strong>Products<\/strong><\/p>\n\n\n\n<p><\/p>\n\n\n\n<div id=\"wp-block-themeisle-blocks-advanced-columns-ed81ba66\" class=\"wp-block-themeisle-blocks-advanced-columns has-2-columns has-desktop-equal-layout has-tablet-equal-layout has-mobile-collapsedRows-layout has-vertical-unset\"><div class=\"wp-block-themeisle-blocks-advanced-columns-overlay\"><\/div><div class=\"innerblocks-wrap\">\n<div id=\"wp-block-themeisle-blocks-advanced-column-759fdd52\" class=\"wp-block-themeisle-blocks-advanced-column\">\n<figure class=\"wp-block-image size-large ticss-f975ead8\"><a href=\"https:\/\/demaq.com\/wp-content\/uploads\/imagen-lineas-corte-principal.jpg\"><img loading=\"lazy\" decoding=\"async\" width=\"1024\" height=\"683\" src=\"https:\/\/demaq.com\/wp-content\/uploads\/imagen-lineas-corte-principal-1024x683.jpg\" alt=\"\" class=\"wp-image-4640\" srcset=\"https:\/\/demaq.com\/wp-content\/uploads\/imagen-lineas-corte-principal-1024x683.jpg 1024w, https:\/\/demaq.com\/wp-content\/uploads\/imagen-lineas-corte-principal-300x200.jpg 300w, https:\/\/demaq.com\/wp-content\/uploads\/imagen-lineas-corte-principal-768x512.jpg 768w, https:\/\/demaq.com\/wp-content\/uploads\/imagen-lineas-corte-principal.jpg 1200w\" sizes=\"auto, (max-width: 1024px) 100vw, 1024px\" \/><\/a><\/figure>\n\n\n\n<h4 class=\"wp-block-heading has-accent-color has-text-color has-link-color has-montserrat-font-family wp-elements-1c4c6dc49242f082c2c03c5a716c58a9\" style=\"margin-top:0px\"><strong>CUTTING LINES<\/strong><\/h4>\n\n\n\n<p class=\"has-accent-color has-text-color has-link-color has-montserrat-font-family wp-elements-f344dbfb26436b98df4c346c3c411924\">Complete systems for the longitudinal and transverse cutting of metal coils.<\/p>\n\n\n\n<div class=\"wp-block-group banner-button-row is-layout-flex wp-container-core-group-is-layout-7154060f wp-block-group-is-layout-flex\" style=\"margin-top:var(--wp--preset--spacing--50);margin-bottom:var(--wp--preset--spacing--50)\">\n<div class=\"wp-block-buttons banner-button-row01 is-layout-flex wp-container-core-buttons-is-layout-0272748e wp-block-buttons-is-layout-flex\" style=\"margin-top:0;margin-bottom:0\">\n<div class=\"wp-block-button banner-button01\"><a class=\"wp-block-button__link has-background-color has-secaccent-background-color has-text-color has-background has-link-color has-border-color has-secaccent-border-color has-bankgothic-font-family has-upper-heading-font-size has-custom-font-size wp-element-button\" href=\"https:\/\/demaq.com\/en\/lineas-de-corte\/\" style=\"border-width:1px;border-top-left-radius:0px;border-top-right-radius:0px;border-bottom-left-radius:0px;border-bottom-right-radius:0px;padding-top:var(--wp--preset--spacing--40);padding-right:var(--wp--preset--spacing--50);padding-bottom:var(--wp--preset--spacing--40);padding-left:var(--wp--preset--spacing--50);font-style:normal;font-weight:700;text-decoration:none\">See more<\/a><\/div>\n<\/div>\n<\/div>\n\n\n\n<div style=\"height:20px\" aria-hidden=\"true\" class=\"wp-block-spacer\"><\/div>\n\n\n\n<p><\/p>\n\n\n\n<p><\/p>\n<\/div>\n\n\n\n<div id=\"wp-block-themeisle-blocks-advanced-column-9b6234c7\" class=\"wp-block-themeisle-blocks-advanced-column\">\n<figure class=\"wp-block-image size-large ticss-8baa39b6\"><a href=\"https:\/\/demaq.com\/wp-content\/uploads\/imagen-slitting-lines-portada.jpg\"><img loading=\"lazy\" decoding=\"async\" width=\"1024\" height=\"683\" src=\"https:\/\/demaq.com\/wp-content\/uploads\/imagen-slitting-lines-portada-1024x683.jpg\" alt=\"\" class=\"wp-image-4631\" srcset=\"https:\/\/demaq.com\/wp-content\/uploads\/imagen-slitting-lines-portada-1024x683.jpg 1024w, https:\/\/demaq.com\/wp-content\/uploads\/imagen-slitting-lines-portada-300x200.jpg 300w, https:\/\/demaq.com\/wp-content\/uploads\/imagen-slitting-lines-portada-768x512.jpg 768w, https:\/\/demaq.com\/wp-content\/uploads\/imagen-slitting-lines-portada.jpg 1200w\" sizes=\"auto, (max-width: 1024px) 100vw, 1024px\" \/><\/a><\/figure>\n\n\n\n<h4 class=\"wp-block-heading has-accent-color has-text-color has-link-color has-montserrat-font-family wp-elements-2c446bb05acb389c3f5bddc78f490bd4\" style=\"margin-top:0px\"><strong>COMBINED SLITTING LINES<\/strong><\/h4>\n\n\n\n<p class=\"has-accent-color has-text-color has-link-color has-montserrat-font-family wp-elements-b72c19f96f80258a268e2761f91e4629\">Lines designed to slit the coil into strips according to the required width.<\/p>\n\n\n\n<div class=\"wp-block-group banner-button-row is-layout-flex wp-container-core-group-is-layout-7154060f wp-block-group-is-layout-flex\" style=\"margin-top:var(--wp--preset--spacing--50);margin-bottom:var(--wp--preset--spacing--50)\">\n<div class=\"wp-block-buttons banner-button-row01 is-layout-flex wp-container-core-buttons-is-layout-0272748e wp-block-buttons-is-layout-flex\" style=\"margin-top:0;margin-bottom:0\">\n<div class=\"wp-block-button banner-button01\"><a class=\"wp-block-button__link has-background-color has-secaccent-background-color has-text-color has-background has-link-color has-border-color has-secaccent-border-color has-bankgothic-font-family has-upper-heading-font-size has-custom-font-size wp-element-button\" href=\"https:\/\/demaq.com\/en\/lineas-slitting-combinadas\/\" style=\"border-width:1px;border-top-left-radius:0px;border-top-right-radius:0px;border-bottom-left-radius:0px;border-bottom-right-radius:0px;padding-top:var(--wp--preset--spacing--40);padding-right:var(--wp--preset--spacing--50);padding-bottom:var(--wp--preset--spacing--40);padding-left:var(--wp--preset--spacing--50);font-style:normal;font-weight:700;text-decoration:none\">See more<\/a><\/div>\n<\/div>\n<\/div>\n\n\n\n<div style=\"height:20px\" aria-hidden=\"true\" class=\"wp-block-spacer\"><\/div>\n\n\n\n<p><\/p>\n<\/div>\n<\/div><\/div>\n\n\n\n<div id=\"wp-block-themeisle-blocks-advanced-columns-f51daabb\" class=\"wp-block-themeisle-blocks-advanced-columns has-2-columns has-desktop-equal-layout has-tablet-equal-layout has-mobile-collapsedRows-layout has-vertical-unset\"><div class=\"wp-block-themeisle-blocks-advanced-columns-overlay\"><\/div><div class=\"innerblocks-wrap\">\n<div id=\"wp-block-themeisle-blocks-advanced-column-929b02f0\" class=\"wp-block-themeisle-blocks-advanced-column\">\n<figure class=\"wp-block-image size-large ticss-89d2230f\"><a href=\"https:\/\/demaq.com\/wp-content\/uploads\/imagen-lineas-prensa-principal.jpg\"><img loading=\"lazy\" decoding=\"async\" width=\"1024\" height=\"683\" src=\"https:\/\/demaq.com\/wp-content\/uploads\/imagen-lineas-prensa-principal-1024x683.jpg\" alt=\"\" class=\"wp-image-5261\" srcset=\"https:\/\/demaq.com\/wp-content\/uploads\/imagen-lineas-prensa-principal-1024x683.jpg 1024w, https:\/\/demaq.com\/wp-content\/uploads\/imagen-lineas-prensa-principal-300x200.jpg 300w, https:\/\/demaq.com\/wp-content\/uploads\/imagen-lineas-prensa-principal-768x512.jpg 768w, https:\/\/demaq.com\/wp-content\/uploads\/imagen-lineas-prensa-principal-18x12.jpg 18w, https:\/\/demaq.com\/wp-content\/uploads\/imagen-lineas-prensa-principal.jpg 1200w\" sizes=\"auto, (max-width: 1024px) 100vw, 1024px\" \/><\/a><\/figure>\n\n\n\n<h4 class=\"wp-block-heading has-accent-color has-text-color has-link-color has-montserrat-font-family wp-elements-14cd2f2d322d750292aeac3b9417a5f5\" style=\"margin-top:0px\"><strong>PRESS FEEDER LINES<\/strong><\/h4>\n\n\n\n<p class=\"has-accent-color has-text-color has-link-color has-montserrat-font-family wp-elements-101c23a04c95bcbc63c5713611773fe2\">Integrated systems for uncoiling, straightening, and feeding to supply material automatically to presses.<\/p>\n\n\n\n<div class=\"wp-block-group banner-button-row is-layout-flex wp-container-core-group-is-layout-7154060f wp-block-group-is-layout-flex\" style=\"margin-top:var(--wp--preset--spacing--50);margin-bottom:var(--wp--preset--spacing--50)\">\n<div class=\"wp-block-buttons banner-button-row01 is-layout-flex wp-container-core-buttons-is-layout-0272748e wp-block-buttons-is-layout-flex\" style=\"margin-top:0;margin-bottom:0\">\n<div class=\"wp-block-button banner-button01\"><a class=\"wp-block-button__link has-background-color has-secaccent-background-color has-text-color has-background has-link-color has-border-color has-secaccent-border-color has-bankgothic-font-family has-upper-heading-font-size has-custom-font-size wp-element-button\" href=\"https:\/\/demaq.com\/en\/lineas-de-alimentacion-a-prensa\/\" style=\"border-width:1px;border-top-left-radius:0px;border-top-right-radius:0px;border-bottom-left-radius:0px;border-bottom-right-radius:0px;padding-top:var(--wp--preset--spacing--40);padding-right:var(--wp--preset--spacing--50);padding-bottom:var(--wp--preset--spacing--40);padding-left:var(--wp--preset--spacing--50);font-style:normal;font-weight:700;text-decoration:none\">See more<\/a><\/div>\n<\/div>\n<\/div>\n\n\n\n<div style=\"height:20px\" aria-hidden=\"true\" class=\"wp-block-spacer\"><\/div>\n\n\n\n<p><\/p>\n<\/div>\n\n\n\n<div id=\"wp-block-themeisle-blocks-advanced-column-6021c9bc\" class=\"wp-block-themeisle-blocks-advanced-column\"><\/div>\n<\/div><\/div>\n\n\n\n<p><\/p>","protected":false},"excerpt":{"rendered":"<p>Products<\/p>","protected":false},"author":4,"featured_media":0,"parent":0,"menu_order":0,"comment_status":"closed","ping_status":"closed","template":"productos","meta":{"_themeisle_gutenberg_block_has_review":false,"footnotes":""},"class_list":["post-1828","page","type-page","status-publish","hentry"],"yoast_head":"<!-- This site is optimized with the Yoast SEO plugin v27.2 - https:\/\/yoast.com\/product\/yoast-seo-wordpress\/ -->\n<title>Productos - DEMAQ<\/title>\n<meta name=\"description\" content=\"Soluciones de maquinaria industrial para corte de bobinas met\u00e1licas, l\u00edneas slitting y sistemas de alimentaci\u00f3n a prensa. Equipos dise\u00f1ados para precisi\u00f3n y productividad.\" \/>\n<meta name=\"robots\" content=\"index, follow, max-snippet:-1, max-image-preview:large, max-video-preview:-1\" \/>\n<link rel=\"canonical\" href=\"https:\/\/demaq.com\/en\/productos\/\" \/>\n<meta property=\"og:locale\" content=\"en_US\" \/>\n<meta property=\"og:type\" content=\"article\" \/>\n<meta property=\"og:title\" content=\"Productos - DEMAQ\" \/>\n<meta property=\"og:description\" content=\"Soluciones de maquinaria industrial para corte de bobinas met\u00e1licas, l\u00edneas slitting y sistemas de alimentaci\u00f3n a prensa. Equipos dise\u00f1ados para precisi\u00f3n y productividad.\" \/>\n<meta property=\"og:url\" content=\"https:\/\/demaq.com\/en\/productos\/\" \/>\n<meta property=\"og:site_name\" content=\"DEMAQ\" \/>\n<meta property=\"article:modified_time\" content=\"2026-03-30T08:26:26+00:00\" \/>\n<meta property=\"og:image\" content=\"https:\/\/demaq.com\/wp-content\/uploads\/imagen-lineas-corte-principal.jpg\" \/>\n\t<meta property=\"og:image:width\" content=\"1200\" \/>\n\t<meta property=\"og:image:height\" content=\"800\" \/>\n\t<meta property=\"og:image:type\" content=\"image\/jpeg\" \/>\n<meta name=\"twitter:card\" content=\"summary_large_image\" \/>\n<meta name=\"twitter:label1\" content=\"Est. reading time\" \/>\n\t<meta name=\"twitter:data1\" content=\"1 minute\" \/>\n<script type=\"application\/ld+json\" class=\"yoast-schema-graph\">{\"@context\":\"https:\/\/schema.org\",\"@graph\":[{\"@type\":\"WebPage\",\"@id\":\"https:\/\/demaq.com\/productos\/\",\"url\":\"https:\/\/demaq.com\/productos\/\",\"name\":\"Productos - DEMAQ\",\"isPartOf\":{\"@id\":\"https:\/\/demaq.com\/#website\"},\"primaryImageOfPage\":{\"@id\":\"https:\/\/demaq.com\/productos\/#primaryimage\"},\"image\":{\"@id\":\"https:\/\/demaq.com\/productos\/#primaryimage\"},\"thumbnailUrl\":\"https:\/\/demaq.com\/wp-content\/uploads\/imagen-lineas-corte-principal-1024x683.jpg\",\"datePublished\":\"2017-03-24T16:44:39+00:00\",\"dateModified\":\"2026-03-30T08:26:26+00:00\",\"description\":\"Soluciones de maquinaria industrial para corte de bobinas met\u00e1licas, l\u00edneas slitting y sistemas de alimentaci\u00f3n a prensa. Equipos dise\u00f1ados para precisi\u00f3n y productividad.\",\"breadcrumb\":{\"@id\":\"https:\/\/demaq.com\/productos\/#breadcrumb\"},\"inLanguage\":\"en-US\",\"potentialAction\":[{\"@type\":\"ReadAction\",\"target\":[\"https:\/\/demaq.com\/productos\/\"]}]},{\"@type\":\"ImageObject\",\"inLanguage\":\"en-US\",\"@id\":\"https:\/\/demaq.com\/productos\/#primaryimage\",\"url\":\"https:\/\/demaq.com\/wp-content\/uploads\/imagen-lineas-corte-principal-1024x683.jpg\",\"contentUrl\":\"https:\/\/demaq.com\/wp-content\/uploads\/imagen-lineas-corte-principal-1024x683.jpg\"},{\"@type\":\"BreadcrumbList\",\"@id\":\"https:\/\/demaq.com\/productos\/#breadcrumb\",\"itemListElement\":[{\"@type\":\"ListItem\",\"position\":1,\"name\":\"Portada\",\"item\":\"https:\/\/demaq.com\/\"},{\"@type\":\"ListItem\",\"position\":2,\"name\":\"Productos\"}]},{\"@type\":\"WebSite\",\"@id\":\"https:\/\/demaq.com\/#website\",\"url\":\"https:\/\/demaq.com\/\",\"name\":\"DEMAQ\",\"description\":\"\",\"publisher\":{\"@id\":\"https:\/\/demaq.com\/#organization\"},\"potentialAction\":[{\"@type\":\"SearchAction\",\"target\":{\"@type\":\"EntryPoint\",\"urlTemplate\":\"https:\/\/demaq.com\/?s={search_term_string}\"},\"query-input\":{\"@type\":\"PropertyValueSpecification\",\"valueRequired\":true,\"valueName\":\"search_term_string\"}}],\"inLanguage\":\"en-US\"},{\"@type\":\"Organization\",\"@id\":\"https:\/\/demaq.com\/#organization\",\"name\":\"DEMAQ\",\"url\":\"https:\/\/demaq.com\/\",\"logo\":{\"@type\":\"ImageObject\",\"inLanguage\":\"en-US\",\"@id\":\"https:\/\/demaq.com\/#\/schema\/logo\/image\/\",\"url\":\"https:\/\/demaq.com\/wp-content\/uploads\/logo-demaq.png\",\"contentUrl\":\"https:\/\/demaq.com\/wp-content\/uploads\/logo-demaq.png\",\"width\":400,\"height\":62,\"caption\":\"DEMAQ\"},\"image\":{\"@id\":\"https:\/\/demaq.com\/#\/schema\/logo\/image\/\"}}]}<\/script>\n<!-- \/ Yoast SEO plugin. -->","yoast_head_json":{"title":"Productos - DEMAQ","description":"Soluciones de maquinaria industrial para corte de bobinas met\u00e1licas, l\u00edneas slitting y sistemas de alimentaci\u00f3n a prensa. Equipos dise\u00f1ados para precisi\u00f3n y productividad.","robots":{"index":"index","follow":"follow","max-snippet":"max-snippet:-1","max-image-preview":"max-image-preview:large","max-video-preview":"max-video-preview:-1"},"canonical":"https:\/\/demaq.com\/en\/productos\/","og_locale":"en_US","og_type":"article","og_title":"Productos - DEMAQ","og_description":"Soluciones de maquinaria industrial para corte de bobinas met\u00e1licas, l\u00edneas slitting y sistemas de alimentaci\u00f3n a prensa. Equipos dise\u00f1ados para precisi\u00f3n y productividad.","og_url":"https:\/\/demaq.com\/en\/productos\/","og_site_name":"DEMAQ","article_modified_time":"2026-03-30T08:26:26+00:00","og_image":[{"width":1200,"height":800,"url":"https:\/\/demaq.com\/wp-content\/uploads\/imagen-lineas-corte-principal.jpg","type":"image\/jpeg"}],"twitter_card":"summary_large_image","twitter_misc":{"Est. reading time":"1 minute"},"schema":{"@context":"https:\/\/schema.org","@graph":[{"@type":"WebPage","@id":"https:\/\/demaq.com\/productos\/","url":"https:\/\/demaq.com\/productos\/","name":"Productos - DEMAQ","isPartOf":{"@id":"https:\/\/demaq.com\/#website"},"primaryImageOfPage":{"@id":"https:\/\/demaq.com\/productos\/#primaryimage"},"image":{"@id":"https:\/\/demaq.com\/productos\/#primaryimage"},"thumbnailUrl":"https:\/\/demaq.com\/wp-content\/uploads\/imagen-lineas-corte-principal-1024x683.jpg","datePublished":"2017-03-24T16:44:39+00:00","dateModified":"2026-03-30T08:26:26+00:00","description":"Soluciones de maquinaria industrial para corte de bobinas met\u00e1licas, l\u00edneas slitting y sistemas de alimentaci\u00f3n a prensa. Equipos dise\u00f1ados para precisi\u00f3n y productividad.","breadcrumb":{"@id":"https:\/\/demaq.com\/productos\/#breadcrumb"},"inLanguage":"en-US","potentialAction":[{"@type":"ReadAction","target":["https:\/\/demaq.com\/productos\/"]}]},{"@type":"ImageObject","inLanguage":"en-US","@id":"https:\/\/demaq.com\/productos\/#primaryimage","url":"https:\/\/demaq.com\/wp-content\/uploads\/imagen-lineas-corte-principal-1024x683.jpg","contentUrl":"https:\/\/demaq.com\/wp-content\/uploads\/imagen-lineas-corte-principal-1024x683.jpg"},{"@type":"BreadcrumbList","@id":"https:\/\/demaq.com\/productos\/#breadcrumb","itemListElement":[{"@type":"ListItem","position":1,"name":"Portada","item":"https:\/\/demaq.com\/"},{"@type":"ListItem","position":2,"name":"Productos"}]},{"@type":"WebSite","@id":"https:\/\/demaq.com\/#website","url":"https:\/\/demaq.com\/","name":"DEMAQ","description":"","publisher":{"@id":"https:\/\/demaq.com\/#organization"},"potentialAction":[{"@type":"SearchAction","target":{"@type":"EntryPoint","urlTemplate":"https:\/\/demaq.com\/?s={search_term_string}"},"query-input":{"@type":"PropertyValueSpecification","valueRequired":true,"valueName":"search_term_string"}}],"inLanguage":"en-US"},{"@type":"Organization","@id":"https:\/\/demaq.com\/#organization","name":"DEMAQ","url":"https:\/\/demaq.com\/","logo":{"@type":"ImageObject","inLanguage":"en-US","@id":"https:\/\/demaq.com\/#\/schema\/logo\/image\/","url":"https:\/\/demaq.com\/wp-content\/uploads\/logo-demaq.png","contentUrl":"https:\/\/demaq.com\/wp-content\/uploads\/logo-demaq.png","width":400,"height":62,"caption":"DEMAQ"},"image":{"@id":"https:\/\/demaq.com\/#\/schema\/logo\/image\/"}}]}},"_links":{"self":[{"href":"https:\/\/demaq.com\/en\/wp-json\/wp\/v2\/pages\/1828","targetHints":{"allow":["GET"]}}],"collection":[{"href":"https:\/\/demaq.com\/en\/wp-json\/wp\/v2\/pages"}],"about":[{"href":"https:\/\/demaq.com\/en\/wp-json\/wp\/v2\/types\/page"}],"author":[{"embeddable":true,"href":"https:\/\/demaq.com\/en\/wp-json\/wp\/v2\/users\/4"}],"replies":[{"embeddable":true,"href":"https:\/\/demaq.com\/en\/wp-json\/wp\/v2\/comments?post=1828"}],"version-history":[{"count":140,"href":"https:\/\/demaq.com\/en\/wp-json\/wp\/v2\/pages\/1828\/revisions"}],"predecessor-version":[{"id":5277,"href":"https:\/\/demaq.com\/en\/wp-json\/wp\/v2\/pages\/1828\/revisions\/5277"}],"wp:attachment":[{"href":"https:\/\/demaq.com\/en\/wp-json\/wp\/v2\/media?parent=1828"}],"curies":[{"name":"wp","href":"https:\/\/api.w.org\/{rel}","templated":true}]}}