{"id":1907,"date":"2017-03-24T20:52:35","date_gmt":"2017-03-24T19:52:35","guid":{"rendered":"https:\/\/demaq.com\/wordpress\/?page_id=1907"},"modified":"2026-03-30T09:41:07","modified_gmt":"2026-03-30T08:41:07","slug":"s-a-t","status":"publish","type":"page","link":"https:\/\/demaq.com\/en\/s-a-t\/","title":{"rendered":"Support"},"content":{"rendered":"\n<p class=\"has-accent-color has-text-color has-link-color has-montserrat-font-family wp-elements-d33a9310885decae106258dd48611839\"><\/p>\n\n\n\n<div class=\"wpcf7 no-js\" id=\"wpcf7-f792-o1\" lang=\"en-US\" dir=\"ltr\" data-wpcf7-id=\"792\">\n<div class=\"screen-reader-response\"><p role=\"status\" aria-live=\"polite\" aria-atomic=\"true\"><\/p> <ul><\/ul><\/div>\n<form action=\"\/en\/wp-json\/wp\/v2\/pages\/1907#wpcf7-f792-o1\" method=\"post\" class=\"wpcf7-form init\" aria-label=\"Contact form\" enctype=\"multipart\/form-data\" novalidate=\"novalidate\" data-status=\"init\">\n<fieldset class=\"hidden-fields-container\"><input type=\"hidden\" name=\"_wpcf7\" value=\"792\" \/><input type=\"hidden\" name=\"_wpcf7_version\" value=\"6.1.5\" \/><input type=\"hidden\" name=\"_wpcf7_locale\" value=\"en_US\" \/><input type=\"hidden\" name=\"_wpcf7_unit_tag\" value=\"wpcf7-f792-o1\" \/><input type=\"hidden\" name=\"_wpcf7_container_post\" value=\"0\" \/><input type=\"hidden\" name=\"_wpcf7_posted_data_hash\" value=\"\" \/>\n<\/fieldset>\n<div style=\"color:#373c3f;\">\n\t<p>Demaq ofrece atenci\u00f3n continua de 7:00\u201322:00. Nuestro prop\u00f3sito es garantizar los servicios necesarios durante todo el proceso de instalaci\u00f3n. Si desea solicitar asistencia t\u00e9cnica, rellene el siguiente formulario.\n\t<\/p>\n\t<style>\ninput[type=\"text\"],\ninput[type=\"email\"],\ninput[type=\"tel\"],\ntextarea {\n width: 100% !important;\n max-width: 100%;\n padding: 10px;\n margin-top: 5px;\n margin-bottom: 10px;\n box-sizing: border-box;\n\n border: 1.5px solid #373c3f;\n border-radius: 4px;\n}\n\ninput:focus,\ntextarea:focus {\n outline: none;\n border: 1.5px solid #ecc200;\n}\n\t<\/style>\n\t<p>Empresa* <span class=\"wpcf7-form-control-wrap\" data-name=\"EMPRESA\"><input size=\"40\" maxlength=\"400\" class=\"wpcf7-form-control wpcf7-text wpcf7-validates-as-required\" aria-required=\"true\" aria-invalid=\"false\" value=\"\" type=\"text\" name=\"EMPRESA\" \/><\/span>\n\t<\/p>\n\t<p>Persona de contacto* <span class=\"wpcf7-form-control-wrap\" data-name=\"NOMBRE\"><input size=\"40\" maxlength=\"400\" class=\"wpcf7-form-control wpcf7-text wpcf7-validates-as-required\" aria-required=\"true\" aria-invalid=\"false\" value=\"\" type=\"text\" name=\"NOMBRE\" \/><\/span>\n\t<\/p>\n\t<p>Tel\u00e9fono* <span class=\"wpcf7-form-control-wrap\" data-name=\"TELEFONO\"><input size=\"40\" maxlength=\"400\" class=\"wpcf7-form-control wpcf7-text wpcf7-validates-as-required\" aria-required=\"true\" aria-invalid=\"false\" value=\"\" type=\"text\" name=\"TELEFONO\" \/><\/span>\n\t<\/p>\n\t<p>Email* <span class=\"wpcf7-form-control-wrap\" data-name=\"EMAIL\"><input size=\"40\" maxlength=\"400\" class=\"wpcf7-form-control wpcf7-email wpcf7-validates-as-required wpcf7-text wpcf7-validates-as-email\" aria-required=\"true\" aria-invalid=\"false\" value=\"\" type=\"email\" name=\"EMAIL\" \/><\/span>\n\t<\/p>\n\t<p>Poblaci\u00f3n <span class=\"wpcf7-form-control-wrap\" data-name=\"POBLACION\"><input size=\"40\" maxlength=\"400\" class=\"wpcf7-form-control wpcf7-text\" aria-invalid=\"false\" value=\"\" type=\"text\" name=\"POBLACION\" \/><\/span>\n\t<\/p>\n\t<p>Informaci\u00f3n de la m\u00e1quina (ver placa CE de caracter\u00edsticas):\n\t<\/p>\n\t<p>Marca* <span class=\"wpcf7-form-control-wrap\" data-name=\"MARCA\"><input size=\"40\" maxlength=\"400\" class=\"wpcf7-form-control wpcf7-text wpcf7-validates-as-required\" aria-required=\"true\" aria-invalid=\"false\" value=\"\" type=\"text\" name=\"MARCA\" \/><\/span>\n\t<\/p>\n\t<p>Modelo* <span class=\"wpcf7-form-control-wrap\" data-name=\"MODELO\"><input size=\"40\" maxlength=\"400\" class=\"wpcf7-form-control wpcf7-text wpcf7-validates-as-required\" aria-required=\"true\" aria-invalid=\"false\" value=\"\" type=\"text\" name=\"MODELO\" \/><\/span>\n\t<\/p>\n\t<p>N\u00famero de serie* <span class=\"wpcf7-form-control-wrap\" data-name=\"NSERIE\"><input size=\"40\" maxlength=\"400\" class=\"wpcf7-form-control wpcf7-text wpcf7-validates-as-required\" aria-required=\"true\" aria-invalid=\"false\" value=\"\" type=\"text\" name=\"NSERIE\" \/><\/span>\n\t<\/p>\n\t<p>Informaci\u00f3n sobre la aver\u00eda\n\t<\/p>\n\t<p><span class=\"wpcf7-form-control-wrap\" data-name=\"INCIDENCIA\"><textarea cols=\"40\" rows=\"10\" maxlength=\"2000\" class=\"wpcf7-form-control wpcf7-textarea\" aria-invalid=\"false\" placeholder=\"Describa la aver\u00eda de la m\u00e1quina con la mayor exactitud posible\" name=\"INCIDENCIA\"><\/textarea><\/span>\n\t<\/p>\n\t<p><span class=\"wpcf7-form-control-wrap\" data-name=\"acceptance-217\"><span class=\"wpcf7-form-control wpcf7-acceptance\"><span class=\"wpcf7-list-item\"><label><input type=\"checkbox\" name=\"acceptance-217\" value=\"1\" aria-invalid=\"false\" \/><span class=\"wpcf7-list-item-label\">Acepto el tratamiento de mis datos con la finalidad de recibir asistencia t\u00e9cnica.\n<\/label>\n\n<div style=\"margin-top:8px; line-height:1.4;\">\n\nPrimera capa informativa: Responsable del tratamiento: Demaq Galicia, S.L.U. Finalidad: Proporcionarle la asistencia t\u00e9cnica solicitada. Legitimaci\u00f3n: Consentimiento. Cesiones de datos y transferencias: No se realizan cesiones, salvo a los proveedores de servicios de alojamiento de los servidores ubicados dentro de la UE. Derechos: Podr\u00e1 ejercer los derechos de acceso, rectificaci\u00f3n, supresi\u00f3n, limitaci\u00f3n, oposici\u00f3n, portabilidad, o retirar el consentimiento enviando un email a demaq@demaq.com. M\u00e1s informaci\u00f3n: Consulte nuestra \n<a href=\"https:\/\/demaq.com\/politica-de-privacidad\/\" target=\"_blank\" rel=\"noopener noreferrer\"\nstyle=\"color:#373c3f; text-decoration:underline;\"\nonmouseover=\"this.style.color='#ecc200';\"\nonmouseout=\"this.style.color='#373c3f';\">\nPol\u00edtica de Privacidad\n<\/a> \npara m\u00e1s informaci\u00f3n.\n\n<\/div><\/span><\/label><\/span><\/span><\/span>\n\t<\/p>\n\t<style>\n.wpcf7 input[type=\"submit\"] {\n background-color: #ecc200;\n color: #ffffff;\n font-family: \"BankGothic\", sans-serif;\n font-size: 18px;\n text-transform: none;\n border: none;\n padding: 12px 25px;\n cursor: pointer;\n transition: all 0.3s ease;\n}\n\n\/* Hover *\/\n.wpcf7 input[type=\"submit\"]:hover {\n background-color: #373c3f;\n color: #ffffff;\n}\n\t<\/style>\n\t<p><input class=\"wpcf7-form-control wpcf7-submit has-spinner\" type=\"submit\" value=\"Send\" \/><span class=\"wpcf7-form-control-wrap\" data-name=\"file-110\"><input size=\"40\" class=\"wpcf7-form-control wpcf7-file\" accept=\"audio\/*,video\/*,image\/*\" aria-invalid=\"false\" type=\"file\" name=\"file-110\" \/><\/span>\n\t<\/p>\n\t<p>(*) Datos obligatorios\n\t<\/p>\n<\/div><div class=\"wpcf7-response-output\" aria-hidden=\"true\"><\/div>\n<\/form>\n<\/div>\n\r\n\t\t\t\t<script>\r\n\t\t\t\tif ( typeof huOptions !== 'undefined' ) {\r\n\t\t\t\t\tvar huFormData = {\"source\":\"contactform7\",\"id\":792,\"title\":\"S.A.T.\",\"fields\":{\"subject\":{\"first_name\":\"your-name\",\"email\":\"your-email\"},\"preferences\":{\"terms\":\"your-consent\"}}};\r\n\t\t\t\t\tvar huFormNode = document.querySelector( '[id^=\"wpcf7-f792-\"] form' );\r\n\r\n\t\t\t\t\thuFormData['node'] = huFormNode;\r\n\t\t\t\t\thuOptions['forms'].push( huFormData );\r\n\t\t\t\t}\r\n\t\t\t\t<\/script>\n\n\n\n<div style=\"height:20px\" aria-hidden=\"true\" class=\"wp-block-spacer\"><\/div>\n\n\n\n<p class=\"has-accent-color has-text-color has-link-color has-montserrat-font-family wp-elements-1c388348145ed587b2ee62565209bb88\"><a href=\"https:\/\/demaq.com\/wordpress\/aviso-legal\">AVISO LEGAL<\/a><\/p>\n\n\n\n<p class=\"has-accent-color has-text-color has-link-color has-montserrat-font-family wp-elements-cb5c8934953aa0501a464522f1115c43\"><a href=\"https:\/\/demaq.com\/wordpress\/proteccion-de-datos\">PROTECCI\u00d3N DE DATOS<\/a><\/p>\n\n\n\n<p><\/p>\n","protected":false},"excerpt":{"rendered":"<p>AVISO LEGAL PROTECCI\u00d3N DE DATOS<\/p>","protected":false},"author":4,"featured_media":0,"parent":0,"menu_order":0,"comment_status":"closed","ping_status":"closed","template":"s-a-t","meta":{"_themeisle_gutenberg_block_has_review":false,"footnotes":""},"class_list":["post-1907","page","type-page","status-publish","hentry"],"yoast_head":"<!-- This site is optimized with the Yoast SEO plugin v27.2 - https:\/\/yoast.com\/product\/yoast-seo-wordpress\/ -->\n<title>Soporte - DEMAQ<\/title>\n<meta name=\"description\" content=\"Demaq ofrece atenci\u00f3n t\u00e9cnica de 7:00 a 22:00 para garantizar el correcto funcionamiento durante todo el proceso de instalaci\u00f3n. Solicita asistencia mediante nuestro formulario de soporte.\" \/>\n<meta name=\"robots\" content=\"index, follow, max-snippet:-1, max-image-preview:large, max-video-preview:-1\" \/>\n<link rel=\"canonical\" href=\"https:\/\/demaq.com\/en\/s-a-t\/\" \/>\n<meta property=\"og:locale\" content=\"en_US\" \/>\n<meta property=\"og:type\" content=\"article\" \/>\n<meta property=\"og:title\" content=\"Soporte - DEMAQ\" \/>\n<meta property=\"og:description\" content=\"Demaq ofrece atenci\u00f3n t\u00e9cnica de 7:00 a 22:00 para garantizar el correcto funcionamiento durante todo el proceso de instalaci\u00f3n. Solicita asistencia mediante nuestro formulario de soporte.\" \/>\n<meta property=\"og:url\" content=\"https:\/\/demaq.com\/en\/s-a-t\/\" \/>\n<meta property=\"og:site_name\" content=\"DEMAQ\" \/>\n<meta property=\"article:modified_time\" content=\"2026-03-30T08:41:07+00:00\" \/>\n<meta name=\"twitter:card\" content=\"summary_large_image\" \/>\n<meta name=\"twitter:label1\" content=\"Est. reading time\" \/>\n\t<meta name=\"twitter:data1\" content=\"1 minute\" \/>\n<script type=\"application\/ld+json\" class=\"yoast-schema-graph\">{\"@context\":\"https:\/\/schema.org\",\"@graph\":[{\"@type\":\"WebPage\",\"@id\":\"https:\/\/demaq.com\/s-a-t\/\",\"url\":\"https:\/\/demaq.com\/s-a-t\/\",\"name\":\"Soporte - DEMAQ\",\"isPartOf\":{\"@id\":\"https:\/\/demaq.com\/#website\"},\"datePublished\":\"2017-03-24T19:52:35+00:00\",\"dateModified\":\"2026-03-30T08:41:07+00:00\",\"description\":\"Demaq ofrece atenci\u00f3n t\u00e9cnica de 7:00 a 22:00 para garantizar el correcto funcionamiento durante todo el proceso de instalaci\u00f3n. Solicita asistencia mediante nuestro formulario de soporte.\",\"breadcrumb\":{\"@id\":\"https:\/\/demaq.com\/s-a-t\/#breadcrumb\"},\"inLanguage\":\"en-US\",\"potentialAction\":[{\"@type\":\"ReadAction\",\"target\":[\"https:\/\/demaq.com\/s-a-t\/\"]}]},{\"@type\":\"BreadcrumbList\",\"@id\":\"https:\/\/demaq.com\/s-a-t\/#breadcrumb\",\"itemListElement\":[{\"@type\":\"ListItem\",\"position\":1,\"name\":\"Portada\",\"item\":\"https:\/\/demaq.com\/\"},{\"@type\":\"ListItem\",\"position\":2,\"name\":\"Soporte\"}]},{\"@type\":\"WebSite\",\"@id\":\"https:\/\/demaq.com\/#website\",\"url\":\"https:\/\/demaq.com\/\",\"name\":\"DEMAQ\",\"description\":\"\",\"publisher\":{\"@id\":\"https:\/\/demaq.com\/#organization\"},\"potentialAction\":[{\"@type\":\"SearchAction\",\"target\":{\"@type\":\"EntryPoint\",\"urlTemplate\":\"https:\/\/demaq.com\/?s={search_term_string}\"},\"query-input\":{\"@type\":\"PropertyValueSpecification\",\"valueRequired\":true,\"valueName\":\"search_term_string\"}}],\"inLanguage\":\"en-US\"},{\"@type\":\"Organization\",\"@id\":\"https:\/\/demaq.com\/#organization\",\"name\":\"DEMAQ\",\"url\":\"https:\/\/demaq.com\/\",\"logo\":{\"@type\":\"ImageObject\",\"inLanguage\":\"en-US\",\"@id\":\"https:\/\/demaq.com\/#\/schema\/logo\/image\/\",\"url\":\"https:\/\/demaq.com\/wp-content\/uploads\/logo-demaq.png\",\"contentUrl\":\"https:\/\/demaq.com\/wp-content\/uploads\/logo-demaq.png\",\"width\":400,\"height\":62,\"caption\":\"DEMAQ\"},\"image\":{\"@id\":\"https:\/\/demaq.com\/#\/schema\/logo\/image\/\"}}]}<\/script>\n<!-- \/ Yoast SEO plugin. -->","yoast_head_json":{"title":"Soporte - DEMAQ","description":"Demaq ofrece atenci\u00f3n t\u00e9cnica de 7:00 a 22:00 para garantizar el correcto funcionamiento durante todo el proceso de instalaci\u00f3n. Solicita asistencia mediante nuestro formulario de soporte.","robots":{"index":"index","follow":"follow","max-snippet":"max-snippet:-1","max-image-preview":"max-image-preview:large","max-video-preview":"max-video-preview:-1"},"canonical":"https:\/\/demaq.com\/en\/s-a-t\/","og_locale":"en_US","og_type":"article","og_title":"Soporte - DEMAQ","og_description":"Demaq ofrece atenci\u00f3n t\u00e9cnica de 7:00 a 22:00 para garantizar el correcto funcionamiento durante todo el proceso de instalaci\u00f3n. Solicita asistencia mediante nuestro formulario de soporte.","og_url":"https:\/\/demaq.com\/en\/s-a-t\/","og_site_name":"DEMAQ","article_modified_time":"2026-03-30T08:41:07+00:00","twitter_card":"summary_large_image","twitter_misc":{"Est. reading time":"1 minute"},"schema":{"@context":"https:\/\/schema.org","@graph":[{"@type":"WebPage","@id":"https:\/\/demaq.com\/s-a-t\/","url":"https:\/\/demaq.com\/s-a-t\/","name":"Soporte - DEMAQ","isPartOf":{"@id":"https:\/\/demaq.com\/#website"},"datePublished":"2017-03-24T19:52:35+00:00","dateModified":"2026-03-30T08:41:07+00:00","description":"Demaq ofrece atenci\u00f3n t\u00e9cnica de 7:00 a 22:00 para garantizar el correcto funcionamiento durante todo el proceso de instalaci\u00f3n. Solicita asistencia mediante nuestro formulario de soporte.","breadcrumb":{"@id":"https:\/\/demaq.com\/s-a-t\/#breadcrumb"},"inLanguage":"en-US","potentialAction":[{"@type":"ReadAction","target":["https:\/\/demaq.com\/s-a-t\/"]}]},{"@type":"BreadcrumbList","@id":"https:\/\/demaq.com\/s-a-t\/#breadcrumb","itemListElement":[{"@type":"ListItem","position":1,"name":"Portada","item":"https:\/\/demaq.com\/"},{"@type":"ListItem","position":2,"name":"Soporte"}]},{"@type":"WebSite","@id":"https:\/\/demaq.com\/#website","url":"https:\/\/demaq.com\/","name":"DEMAQ","description":"","publisher":{"@id":"https:\/\/demaq.com\/#organization"},"potentialAction":[{"@type":"SearchAction","target":{"@type":"EntryPoint","urlTemplate":"https:\/\/demaq.com\/?s={search_term_string}"},"query-input":{"@type":"PropertyValueSpecification","valueRequired":true,"valueName":"search_term_string"}}],"inLanguage":"en-US"},{"@type":"Organization","@id":"https:\/\/demaq.com\/#organization","name":"DEMAQ","url":"https:\/\/demaq.com\/","logo":{"@type":"ImageObject","inLanguage":"en-US","@id":"https:\/\/demaq.com\/#\/schema\/logo\/image\/","url":"https:\/\/demaq.com\/wp-content\/uploads\/logo-demaq.png","contentUrl":"https:\/\/demaq.com\/wp-content\/uploads\/logo-demaq.png","width":400,"height":62,"caption":"DEMAQ"},"image":{"@id":"https:\/\/demaq.com\/#\/schema\/logo\/image\/"}}]}},"_links":{"self":[{"href":"https:\/\/demaq.com\/en\/wp-json\/wp\/v2\/pages\/1907","targetHints":{"allow":["GET"]}}],"collection":[{"href":"https:\/\/demaq.com\/en\/wp-json\/wp\/v2\/pages"}],"about":[{"href":"https:\/\/demaq.com\/en\/wp-json\/wp\/v2\/types\/page"}],"author":[{"embeddable":true,"href":"https:\/\/demaq.com\/en\/wp-json\/wp\/v2\/users\/4"}],"replies":[{"embeddable":true,"href":"https:\/\/demaq.com\/en\/wp-json\/wp\/v2\/comments?post=1907"}],"version-history":[{"count":13,"href":"https:\/\/demaq.com\/en\/wp-json\/wp\/v2\/pages\/1907\/revisions"}],"predecessor-version":[{"id":5327,"href":"https:\/\/demaq.com\/en\/wp-json\/wp\/v2\/pages\/1907\/revisions\/5327"}],"wp:attachment":[{"href":"https:\/\/demaq.com\/en\/wp-json\/wp\/v2\/media?parent=1907"}],"curies":[{"name":"wp","href":"https:\/\/api.w.org\/{rel}","templated":true}]}}