{"id":2144,"date":"2017-04-03T16:02:29","date_gmt":"2017-04-03T15:02:29","guid":{"rendered":"https:\/\/demaq.com\/wordpress\/?page_id=2144"},"modified":"2023-01-24T16:50:01","modified_gmt":"2023-01-24T15:50:01","slug":"offer-machinery","status":"publish","type":"page","link":"https:\/\/demaq.com\/en\/offer-machinery\/","title":{"rendered":"OFFER MACHINERY"},"content":{"rendered":"<ul>\n<li><a href=\"https:\/\/demaq.com\/wp-content\/uploads\/L\u00cdNEA-DE-CORTE-DEMAQ-FORMAT-1500.pdf\"><span style=\"color: #000000;\">Demaq Cutting Ling Format 1500:<\/span> L\u00cdNEA DE CORTE DEMAQ FORMAT<\/a><\/li>\n<li style=\"text-align: justify;\">Bender Machine Ras 6230: <a href=\"https:\/\/demaq.com\/wp-content\/uploads\/PLEGADORA-RAS-6230-II.pdf\">PLEGADORA EL\u00c9CTRICA<\/a><\/li>\n<li>Demaq Cutting Line 1550: <a href=\"https:\/\/demaq.com\/wp-content\/uploads\/L\u00cdNEA-DE-CORTE-DEMAQ-ENPZ1550-VENDIDO-1.pdf\">L\u00cdNEA DE CORTE 1550<\/a> <a href=\"https:\/\/demaq.com\/wp-content\/uploads\/Sold-1.png\"><img loading=\"lazy\" decoding=\"async\" class=\"alignnone  wp-image-2572\" src=\"https:\/\/demaq.com\/wp-content\/uploads\/Sold-1-300x194.png\" alt=\"\" width=\"30\" height=\"19\" srcset=\"https:\/\/demaq.com\/wp-content\/uploads\/Sold-1-300x194.png 300w, https:\/\/demaq.com\/wp-content\/uploads\/Sold-1-272x182.png 272w, https:\/\/demaq.com\/wp-content\/uploads\/Sold-1.png 359w\" sizes=\"auto, (max-width: 30px) 100vw, 30px\" \/><\/a><\/li>\n<li>Demaq Rollforming Line: <a href=\"https:\/\/demaq.com\/wp-content\/uploads\/DP-ROLLFORMING-LINE.es_.en_.pdf\">ROLLFORMING LINE <\/a><a href=\"https:\/\/demaq.com\/wp-content\/uploads\/Sold-1.png\"><img loading=\"lazy\" decoding=\"async\" class=\"alignnone  wp-image-2572\" src=\"https:\/\/demaq.com\/wp-content\/uploads\/Sold-1-300x194.png\" alt=\"\" width=\"30\" height=\"19\" srcset=\"https:\/\/demaq.com\/wp-content\/uploads\/Sold-1-300x194.png 300w, https:\/\/demaq.com\/wp-content\/uploads\/Sold-1-272x182.png 272w, https:\/\/demaq.com\/wp-content\/uploads\/Sold-1.png 359w\" sizes=\"auto, (max-width: 30px) 100vw, 30px\" \/><\/a><\/li>\n<li>Diper Rollforming Line:<a href=\"https:\/\/demaq.com\/wp-content\/uploads\/L\u00cdNEA-DE-PERFILADO-DIPER.pdf\">DIPER ROLLFORMING LINE <\/a><a href=\"https:\/\/demaq.com\/wp-content\/uploads\/Sold-1.png\"><img loading=\"lazy\" decoding=\"async\" class=\"alignnone  wp-image-2572\" src=\"https:\/\/demaq.com\/wp-content\/uploads\/Sold-1-300x194.png\" alt=\"\" width=\"30\" height=\"19\" srcset=\"https:\/\/demaq.com\/wp-content\/uploads\/Sold-1-300x194.png 300w, https:\/\/demaq.com\/wp-content\/uploads\/Sold-1-272x182.png 272w, https:\/\/demaq.com\/wp-content\/uploads\/Sold-1.png 359w\" sizes=\"auto, (max-width: 30px) 100vw, 30px\" \/><\/a><\/li>\n<li style=\"text-align: justify;\">Bender Machine PPH-352: <a href=\"https:\/\/demaq.com\/wp-content\/uploads\/PLEGADORA-HIDR\u00c1ULICA-SOLD.pdf\">PLEGADORA HIDRA\u00daLICA <\/a><a href=\"https:\/\/demaq.com\/wp-content\/uploads\/Sold-1.png\"><img loading=\"lazy\" decoding=\"async\" class=\"alignnone  wp-image-2572\" src=\"https:\/\/demaq.com\/wp-content\/uploads\/Sold-1-300x194.png\" alt=\"\" width=\"30\" height=\"19\" srcset=\"https:\/\/demaq.com\/wp-content\/uploads\/Sold-1-300x194.png 300w, https:\/\/demaq.com\/wp-content\/uploads\/Sold-1-272x182.png 272w, https:\/\/demaq.com\/wp-content\/uploads\/Sold-1.png 359w\" sizes=\"auto, (max-width: 30px) 100vw, 30px\" \/><\/a><\/li>\n<li style=\"text-align: justify;\">Press Feeding Line DIMECO: <a href=\"https:\/\/demaq.com\/wp-content\/uploads\/L\u00cdNEA-DE-ALIMENTACI\u00d3N-A-PRENSA-VENDIDA-1.pdf\">L\u00cdNEA DE ALIMENTACI\u00d3N A PRENSA <\/a><a href=\"https:\/\/demaq.com\/wp-content\/uploads\/Sold-1.png\"><img loading=\"lazy\" decoding=\"async\" class=\"alignnone  wp-image-2572\" src=\"https:\/\/demaq.com\/wp-content\/uploads\/Sold-1-300x194.png\" alt=\"\" width=\"30\" height=\"19\" srcset=\"https:\/\/demaq.com\/wp-content\/uploads\/Sold-1-300x194.png 300w, https:\/\/demaq.com\/wp-content\/uploads\/Sold-1-272x182.png 272w, https:\/\/demaq.com\/wp-content\/uploads\/Sold-1.png 359w\" sizes=\"auto, (max-width: 30px) 100vw, 30px\" \/><\/a><\/li>\n<li>Press Feeding Line Lara 500 x 5 <a href=\"https:\/\/demaq.com\/wp-content\/uploads\/ALIMENTADOR-LARA-SOLD.pdf\">ALIMENTADOR LARA <\/a><a href=\"https:\/\/demaq.com\/wp-content\/uploads\/Sold-1.png\"><img loading=\"lazy\" decoding=\"async\" class=\"alignnone  wp-image-2572\" src=\"https:\/\/demaq.com\/wp-content\/uploads\/Sold-1-300x194.png\" alt=\"\" width=\"30\" height=\"19\" srcset=\"https:\/\/demaq.com\/wp-content\/uploads\/Sold-1-300x194.png 300w, https:\/\/demaq.com\/wp-content\/uploads\/Sold-1-272x182.png 272w, https:\/\/demaq.com\/wp-content\/uploads\/Sold-1.png 359w\" sizes=\"auto, (max-width: 30px) 100vw, 30px\" \/><\/a><\/li>\n<li>Coil Winder 1505: <a href=\"https:\/\/demaq.com\/wp-content\/uploads\/DEVANADORA-BIAPOYADA-SOLD-1.pdf\">DEVANADORA BIAPOYADA<\/a> <a href=\"https:\/\/demaq.com\/wp-content\/uploads\/Sold-1.png\"><img loading=\"lazy\" decoding=\"async\" class=\"alignnone  wp-image-2572\" src=\"https:\/\/demaq.com\/wp-content\/uploads\/Sold-1-300x194.png\" alt=\"\" width=\"30\" height=\"19\" srcset=\"https:\/\/demaq.com\/wp-content\/uploads\/Sold-1-300x194.png 300w, https:\/\/demaq.com\/wp-content\/uploads\/Sold-1-272x182.png 272w, https:\/\/demaq.com\/wp-content\/uploads\/Sold-1.png 359w\" sizes=\"auto, (max-width: 30px) 100vw, 30px\" \/><\/a><\/li>\n<\/ul>\n\n\n<p><\/p>","protected":false},"excerpt":{"rendered":"<p>Demaq Cutting Ling Format 1500: L\u00cdNEA DE CORTE DEMAQ FORMAT Bender Machine Ras 6230: PLEGADORA EL\u00c9CTRICA Demaq Cutting Line 1550: L\u00cdNEA DE CORTE 1550 Demaq Rollforming Line: ROLLFORMING LINE Diper Rollforming Line:DIPER ROLLFORMING LINE Bender Machine PPH-352: PLEGADORA HIDRA\u00daLICA Press Feeding Line DIMECO: L\u00cdNEA DE ALIMENTACI\u00d3N A PRENSA Press Feeding Line Lara 500 x 5 [&hellip;]<\/p>\n","protected":false},"author":4,"featured_media":0,"parent":0,"menu_order":0,"comment_status":"closed","ping_status":"closed","template":"","meta":{"_themeisle_gutenberg_block_has_review":false,"footnotes":""},"class_list":["post-2144","page","type-page","status-publish","hentry"],"yoast_head":"<!-- This site is optimized with the Yoast SEO plugin v27.2 - https:\/\/yoast.com\/product\/yoast-seo-wordpress\/ -->\n<title>OFFER MACHINERY - DEMAQ<\/title>\n<meta name=\"robots\" content=\"index, follow, max-snippet:-1, max-image-preview:large, max-video-preview:-1\" \/>\n<link rel=\"canonical\" href=\"https:\/\/demaq.com\/en\/offer-machinery\/\" \/>\n<meta property=\"og:locale\" content=\"en_US\" \/>\n<meta property=\"og:type\" content=\"article\" \/>\n<meta property=\"og:title\" content=\"OFFER MACHINERY - DEMAQ\" \/>\n<meta property=\"og:description\" content=\"Demaq Cutting Ling Format 1500: L\u00cdNEA DE CORTE DEMAQ FORMAT Bender Machine Ras 6230: PLEGADORA EL\u00c9CTRICA Demaq Cutting Line 1550: L\u00cdNEA DE CORTE 1550 Demaq Rollforming Line: ROLLFORMING LINE Diper Rollforming Line:DIPER ROLLFORMING LINE Bender Machine PPH-352: PLEGADORA HIDRA\u00daLICA Press Feeding Line DIMECO: L\u00cdNEA DE ALIMENTACI\u00d3N A PRENSA Press Feeding Line Lara 500 x 5 [&hellip;]\" \/>\n<meta property=\"og:url\" content=\"https:\/\/demaq.com\/en\/offer-machinery\/\" \/>\n<meta property=\"og:site_name\" content=\"DEMAQ\" \/>\n<meta property=\"article:modified_time\" content=\"2023-01-24T15:50:01+00:00\" \/>\n<meta property=\"og:image\" content=\"https:\/\/demaq.com\/wp-content\/uploads\/Sold-1-300x194.png\" \/>\n<meta name=\"twitter:card\" content=\"summary_large_image\" \/>\n<script type=\"application\/ld+json\" class=\"yoast-schema-graph\">{\"@context\":\"https:\/\/schema.org\",\"@graph\":[{\"@type\":\"WebPage\",\"@id\":\"https:\/\/demaq.com\/en\/offer-machinery\/\",\"url\":\"https:\/\/demaq.com\/en\/offer-machinery\/\",\"name\":\"OFFER MACHINERY - DEMAQ\",\"isPartOf\":{\"@id\":\"https:\/\/demaq.com\/#website\"},\"primaryImageOfPage\":{\"@id\":\"https:\/\/demaq.com\/en\/offer-machinery\/#primaryimage\"},\"image\":{\"@id\":\"https:\/\/demaq.com\/en\/offer-machinery\/#primaryimage\"},\"thumbnailUrl\":\"https:\/\/demaq.com\/wp-content\/uploads\/Sold-1-300x194.png\",\"datePublished\":\"2017-04-03T15:02:29+00:00\",\"dateModified\":\"2023-01-24T15:50:01+00:00\",\"breadcrumb\":{\"@id\":\"https:\/\/demaq.com\/en\/offer-machinery\/#breadcrumb\"},\"inLanguage\":\"en-US\",\"potentialAction\":[{\"@type\":\"ReadAction\",\"target\":[\"https:\/\/demaq.com\/en\/offer-machinery\/\"]}]},{\"@type\":\"ImageObject\",\"inLanguage\":\"en-US\",\"@id\":\"https:\/\/demaq.com\/en\/offer-machinery\/#primaryimage\",\"url\":\"https:\/\/demaq.com\/wp-content\/uploads\/Sold-1-300x194.png\",\"contentUrl\":\"https:\/\/demaq.com\/wp-content\/uploads\/Sold-1-300x194.png\"},{\"@type\":\"BreadcrumbList\",\"@id\":\"https:\/\/demaq.com\/en\/offer-machinery\/#breadcrumb\",\"itemListElement\":[{\"@type\":\"ListItem\",\"position\":1,\"name\":\"Portada\",\"item\":\"https:\/\/demaq.com\/\"},{\"@type\":\"ListItem\",\"position\":2,\"name\":\"OFFER MACHINERY\"}]},{\"@type\":\"WebSite\",\"@id\":\"https:\/\/demaq.com\/#website\",\"url\":\"https:\/\/demaq.com\/\",\"name\":\"DEMAQ\",\"description\":\"\",\"publisher\":{\"@id\":\"https:\/\/demaq.com\/#organization\"},\"potentialAction\":[{\"@type\":\"SearchAction\",\"target\":{\"@type\":\"EntryPoint\",\"urlTemplate\":\"https:\/\/demaq.com\/?s={search_term_string}\"},\"query-input\":{\"@type\":\"PropertyValueSpecification\",\"valueRequired\":true,\"valueName\":\"search_term_string\"}}],\"inLanguage\":\"en-US\"},{\"@type\":\"Organization\",\"@id\":\"https:\/\/demaq.com\/#organization\",\"name\":\"DEMAQ\",\"url\":\"https:\/\/demaq.com\/\",\"logo\":{\"@type\":\"ImageObject\",\"inLanguage\":\"en-US\",\"@id\":\"https:\/\/demaq.com\/#\/schema\/logo\/image\/\",\"url\":\"https:\/\/demaq.com\/wp-content\/uploads\/logo-demaq.png\",\"contentUrl\":\"https:\/\/demaq.com\/wp-content\/uploads\/logo-demaq.png\",\"width\":400,\"height\":62,\"caption\":\"DEMAQ\"},\"image\":{\"@id\":\"https:\/\/demaq.com\/#\/schema\/logo\/image\/\"}}]}<\/script>\n<!-- \/ Yoast SEO plugin. -->","yoast_head_json":{"title":"OFFER MACHINERY - DEMAQ","robots":{"index":"index","follow":"follow","max-snippet":"max-snippet:-1","max-image-preview":"max-image-preview:large","max-video-preview":"max-video-preview:-1"},"canonical":"https:\/\/demaq.com\/en\/offer-machinery\/","og_locale":"en_US","og_type":"article","og_title":"OFFER MACHINERY - DEMAQ","og_description":"Demaq Cutting Ling Format 1500: L\u00cdNEA DE CORTE DEMAQ FORMAT Bender Machine Ras 6230: PLEGADORA EL\u00c9CTRICA Demaq Cutting Line 1550: L\u00cdNEA DE CORTE 1550 Demaq Rollforming Line: ROLLFORMING LINE Diper Rollforming Line:DIPER ROLLFORMING LINE Bender Machine PPH-352: PLEGADORA HIDRA\u00daLICA Press Feeding Line DIMECO: L\u00cdNEA DE ALIMENTACI\u00d3N A PRENSA Press Feeding Line Lara 500 x 5 [&hellip;]","og_url":"https:\/\/demaq.com\/en\/offer-machinery\/","og_site_name":"DEMAQ","article_modified_time":"2023-01-24T15:50:01+00:00","og_image":[{"url":"https:\/\/demaq.com\/wp-content\/uploads\/Sold-1-300x194.png","type":"","width":"","height":""}],"twitter_card":"summary_large_image","schema":{"@context":"https:\/\/schema.org","@graph":[{"@type":"WebPage","@id":"https:\/\/demaq.com\/en\/offer-machinery\/","url":"https:\/\/demaq.com\/en\/offer-machinery\/","name":"OFFER MACHINERY - DEMAQ","isPartOf":{"@id":"https:\/\/demaq.com\/#website"},"primaryImageOfPage":{"@id":"https:\/\/demaq.com\/en\/offer-machinery\/#primaryimage"},"image":{"@id":"https:\/\/demaq.com\/en\/offer-machinery\/#primaryimage"},"thumbnailUrl":"https:\/\/demaq.com\/wp-content\/uploads\/Sold-1-300x194.png","datePublished":"2017-04-03T15:02:29+00:00","dateModified":"2023-01-24T15:50:01+00:00","breadcrumb":{"@id":"https:\/\/demaq.com\/en\/offer-machinery\/#breadcrumb"},"inLanguage":"en-US","potentialAction":[{"@type":"ReadAction","target":["https:\/\/demaq.com\/en\/offer-machinery\/"]}]},{"@type":"ImageObject","inLanguage":"en-US","@id":"https:\/\/demaq.com\/en\/offer-machinery\/#primaryimage","url":"https:\/\/demaq.com\/wp-content\/uploads\/Sold-1-300x194.png","contentUrl":"https:\/\/demaq.com\/wp-content\/uploads\/Sold-1-300x194.png"},{"@type":"BreadcrumbList","@id":"https:\/\/demaq.com\/en\/offer-machinery\/#breadcrumb","itemListElement":[{"@type":"ListItem","position":1,"name":"Portada","item":"https:\/\/demaq.com\/"},{"@type":"ListItem","position":2,"name":"OFFER MACHINERY"}]},{"@type":"WebSite","@id":"https:\/\/demaq.com\/#website","url":"https:\/\/demaq.com\/","name":"DEMAQ","description":"","publisher":{"@id":"https:\/\/demaq.com\/#organization"},"potentialAction":[{"@type":"SearchAction","target":{"@type":"EntryPoint","urlTemplate":"https:\/\/demaq.com\/?s={search_term_string}"},"query-input":{"@type":"PropertyValueSpecification","valueRequired":true,"valueName":"search_term_string"}}],"inLanguage":"en-US"},{"@type":"Organization","@id":"https:\/\/demaq.com\/#organization","name":"DEMAQ","url":"https:\/\/demaq.com\/","logo":{"@type":"ImageObject","inLanguage":"en-US","@id":"https:\/\/demaq.com\/#\/schema\/logo\/image\/","url":"https:\/\/demaq.com\/wp-content\/uploads\/logo-demaq.png","contentUrl":"https:\/\/demaq.com\/wp-content\/uploads\/logo-demaq.png","width":400,"height":62,"caption":"DEMAQ"},"image":{"@id":"https:\/\/demaq.com\/#\/schema\/logo\/image\/"}}]}},"_links":{"self":[{"href":"https:\/\/demaq.com\/en\/wp-json\/wp\/v2\/pages\/2144","targetHints":{"allow":["GET"]}}],"collection":[{"href":"https:\/\/demaq.com\/en\/wp-json\/wp\/v2\/pages"}],"about":[{"href":"https:\/\/demaq.com\/en\/wp-json\/wp\/v2\/types\/page"}],"author":[{"embeddable":true,"href":"https:\/\/demaq.com\/en\/wp-json\/wp\/v2\/users\/4"}],"replies":[{"embeddable":true,"href":"https:\/\/demaq.com\/en\/wp-json\/wp\/v2\/comments?post=2144"}],"version-history":[{"count":20,"href":"https:\/\/demaq.com\/en\/wp-json\/wp\/v2\/pages\/2144\/revisions"}],"predecessor-version":[{"id":3395,"href":"https:\/\/demaq.com\/en\/wp-json\/wp\/v2\/pages\/2144\/revisions\/3395"}],"wp:attachment":[{"href":"https:\/\/demaq.com\/en\/wp-json\/wp\/v2\/media?parent=2144"}],"curies":[{"name":"wp","href":"https:\/\/api.w.org\/{rel}","templated":true}]}}