{"id":2575,"date":"2018-04-11T15:06:06","date_gmt":"2018-04-11T14:06:06","guid":{"rendered":"https:\/\/demaq.com\/?page_id=2575"},"modified":"2026-03-31T06:32:09","modified_gmt":"2026-03-31T05:32:09","slug":"sectores","status":"publish","type":"page","link":"https:\/\/demaq.com\/en\/sectores\/","title":{"rendered":"Sectors"},"content":{"rendered":"<p><\/p>\n\n\n\n<p class=\"has-text-align-center has-accent-color has-text-color has-link-color has-montserrat-font-family wp-elements-881ed62b454391380aa592526f12cd7e\">Our experience allows us to meet the needs of industries such as automotive, solar energy, and civil engineering, offering solutions tailored to the requirements of each application.<\/p>\n\n\n\n<div id=\"wp-block-themeisle-blocks-advanced-columns-704d8fab\" class=\"wp-block-themeisle-blocks-advanced-columns has-3-columns has-desktop-equal-layout has-tablet-equal-layout has-mobile-collapsedRows-layout has-vertical-unset\"><div class=\"wp-block-themeisle-blocks-advanced-columns-overlay\"><\/div><div class=\"innerblocks-wrap\">\n<div id=\"wp-block-themeisle-blocks-advanced-column-88c38f56\" class=\"wp-block-themeisle-blocks-advanced-column\">\n<div id=\"wp-block-themeisle-blocks-font-awesome-icons-48f34f42\" class=\"wp-block-themeisle-blocks-font-awesome-icons\"><span class=\"wp-block-themeisle-blocks-font-awesome-icons-container\"><i class=\"fas fa-car\"><\/i><\/span><\/div>\n<\/div>\n\n\n\n<div id=\"wp-block-themeisle-blocks-advanced-column-79fed1d7\" class=\"wp-block-themeisle-blocks-advanced-column\">\n<div id=\"wp-block-themeisle-blocks-font-awesome-icons-123f8759\" class=\"wp-block-themeisle-blocks-font-awesome-icons\"><span class=\"wp-block-themeisle-blocks-font-awesome-icons-container\"><i class=\"fas fa-solar-panel\"><\/i><\/span><\/div>\n<\/div>\n\n\n\n<div id=\"wp-block-themeisle-blocks-advanced-column-8d0aceb9\" class=\"wp-block-themeisle-blocks-advanced-column\">\n<div id=\"wp-block-themeisle-blocks-font-awesome-icons-fa7a1557\" class=\"wp-block-themeisle-blocks-font-awesome-icons\"><span class=\"wp-block-themeisle-blocks-font-awesome-icons-container\"><i class=\"fas fa-hard-hat\"><\/i><\/span><\/div>\n<\/div>\n<\/div><\/div>\n\n\n\n<div style=\"height:100px\" aria-hidden=\"true\" class=\"wp-block-spacer\"><\/div>\n\n\n\n<div id=\"wp-block-themeisle-blocks-advanced-columns-cf1ca051\" class=\"wp-block-themeisle-blocks-advanced-columns has-2-columns has-desktop-equal-layout has-tablet-equal-layout has-mobile-collapsedRows-layout has-vertical-unset\"><div class=\"wp-block-themeisle-blocks-advanced-columns-overlay\"><\/div><div class=\"innerblocks-wrap\">\n<div id=\"wp-block-themeisle-blocks-advanced-column-03136d7a\" class=\"wp-block-themeisle-blocks-advanced-column\">\n<p class=\"has-accent-color has-text-color has-link-color has-montserrat-font-family has-normal-font-size wp-elements-1c3f3f2dce78acf6229a826f2b657337\"><strong>AUTOMOTIVE SECTOR<\/strong><\/p>\n\n\n\n<p class=\"has-accent-color has-text-color has-link-color has-montserrat-font-family wp-elements-b34636368d58833e2ac273491600587a\">Demaq, recognizing the strategic importance of the automotive sector, operates in one of the most relevant areas of its auxiliary industry: manufacturing equipment.<\/p>\n\n\n\n<p class=\"has-accent-color has-text-color has-link-color has-montserrat-font-family wp-elements-d33a9310885decae106258dd48611839\"><\/p>\n<\/div>\n\n\n\n<div id=\"wp-block-themeisle-blocks-advanced-column-8fff04f2\" class=\"wp-block-themeisle-blocks-advanced-column\">\n<figure class=\"wp-block-image size-large ticss-2dbc52f9\"><a href=\"https:\/\/demaq.com\/wp-content\/uploads\/automocion-imagen.jpg\"><img loading=\"lazy\" decoding=\"async\" width=\"1024\" height=\"683\" src=\"https:\/\/demaq.com\/wp-content\/uploads\/automocion-imagen-1024x683.jpg\" alt=\"\" class=\"wp-image-4956\" srcset=\"https:\/\/demaq.com\/wp-content\/uploads\/automocion-imagen-1024x683.jpg 1024w, https:\/\/demaq.com\/wp-content\/uploads\/automocion-imagen-300x200.jpg 300w, https:\/\/demaq.com\/wp-content\/uploads\/automocion-imagen-768x512.jpg 768w, https:\/\/demaq.com\/wp-content\/uploads\/automocion-imagen.jpg 1200w\" sizes=\"auto, (max-width: 1024px) 100vw, 1024px\" \/><\/a><\/figure>\n<\/div>\n<\/div><\/div>\n\n\n\n<div id=\"wp-block-themeisle-blocks-accordion-0b8537b8\" class=\"wp-block-themeisle-blocks-accordion exclusive  is-style-default\">\n<details class=\"wp-block-themeisle-blocks-accordion-item ticss-b680b94f\"><summary class=\"wp-block-themeisle-blocks-accordion-item__title\"><div>PRESS LINES AND TOOLING<\/div><\/summary><div class=\"wp-block-themeisle-blocks-accordion-item__content\">\n<p class=\"has-accent-color has-text-color has-link-color wp-elements-8c361061dd8beac58692eda4da559019\">One of our distinguishing features is our specialization in the manufacture of press feeder lines. We have over 15 years of experience in this constantly evolving market, adapting to demand requirements, and today we are one of the most established manufacturers nationally.<\/p>\n\n\n\n<figure class=\"wp-block-image size-large\"><a href=\"https:\/\/demaq.com\/wp-content\/uploads\/lineas-prensa-utilaje-automocion-1.jpg\"><img loading=\"lazy\" decoding=\"async\" width=\"1024\" height=\"640\" src=\"https:\/\/demaq.com\/wp-content\/uploads\/lineas-prensa-utilaje-automocion-1-1024x640.jpg\" alt=\"\" class=\"wp-image-5015\" srcset=\"https:\/\/demaq.com\/wp-content\/uploads\/lineas-prensa-utilaje-automocion-1-1024x640.jpg 1024w, https:\/\/demaq.com\/wp-content\/uploads\/lineas-prensa-utilaje-automocion-1-300x188.jpg 300w, https:\/\/demaq.com\/wp-content\/uploads\/lineas-prensa-utilaje-automocion-1-768x480.jpg 768w, https:\/\/demaq.com\/wp-content\/uploads\/lineas-prensa-utilaje-automocion-1.jpg 1280w\" sizes=\"auto, (max-width: 1024px) 100vw, 1024px\" \/><\/a><\/figure>\n<\/div><\/details>\n\n\n\n<details class=\"wp-block-themeisle-blocks-accordion-item ticss-548c772b\"><summary class=\"wp-block-themeisle-blocks-accordion-item__title\"><div>ROLL FORMING LINES<\/div><\/summary><div class=\"wp-block-themeisle-blocks-accordion-item__content\">\n<p class=\"has-accent-color has-text-color has-link-color wp-elements-0dd811e151edabdbc9bf5507ccd2df3d\">With significant references, we offer roll forming lines with the best price\/performance ratio and processing capacity.<\/p>\n\n\n\n<figure class=\"wp-block-image size-large\"><a href=\"https:\/\/demaq.com\/wp-content\/uploads\/lineas-perfilado-automocion-2.jpg\"><img loading=\"lazy\" decoding=\"async\" width=\"1024\" height=\"640\" src=\"https:\/\/demaq.com\/wp-content\/uploads\/lineas-perfilado-automocion-2-1024x640.jpg\" alt=\"\" class=\"wp-image-5017\" srcset=\"https:\/\/demaq.com\/wp-content\/uploads\/lineas-perfilado-automocion-2-1024x640.jpg 1024w, https:\/\/demaq.com\/wp-content\/uploads\/lineas-perfilado-automocion-2-300x188.jpg 300w, https:\/\/demaq.com\/wp-content\/uploads\/lineas-perfilado-automocion-2-768x480.jpg 768w, https:\/\/demaq.com\/wp-content\/uploads\/lineas-perfilado-automocion-2.jpg 1280w\" sizes=\"auto, (max-width: 1024px) 100vw, 1024px\" \/><\/a><\/figure>\n<\/div><\/details>\n\n\n\n<details class=\"wp-block-themeisle-blocks-accordion-item ticss-3854d61c\"><summary class=\"wp-block-themeisle-blocks-accordion-item__title\"><div>MECHANICAL AND ELECTRICAL RETROFIT OF PRESSES AND FEEDING EQUIPMENT<\/div><\/summary><div class=\"wp-block-themeisle-blocks-accordion-item__content\">\n<p class=\"has-accent-color has-text-color has-link-color wp-elements-2013bebbe8b1e4c286582badbdf2ffc9\">In a sector like automotive, where full machinery replacement can be extremely costly, we consider it essential to provide our clients with this service, both mechanically and electrically.<\/p>\n\n\n\n<figure class=\"wp-block-image size-large\"><a href=\"https:\/\/demaq.com\/wp-content\/uploads\/retroift-mecanico-electrico-automocion-3.jpg\"><img loading=\"lazy\" decoding=\"async\" width=\"1024\" height=\"683\" src=\"https:\/\/demaq.com\/wp-content\/uploads\/retroift-mecanico-electrico-automocion-3-1024x683.jpg\" alt=\"\" class=\"wp-image-5018\" srcset=\"https:\/\/demaq.com\/wp-content\/uploads\/retroift-mecanico-electrico-automocion-3-1024x683.jpg 1024w, https:\/\/demaq.com\/wp-content\/uploads\/retroift-mecanico-electrico-automocion-3-300x200.jpg 300w, https:\/\/demaq.com\/wp-content\/uploads\/retroift-mecanico-electrico-automocion-3-768x512.jpg 768w, https:\/\/demaq.com\/wp-content\/uploads\/retroift-mecanico-electrico-automocion-3.jpg 1200w\" sizes=\"auto, (max-width: 1024px) 100vw, 1024px\" \/><\/a><\/figure>\n<\/div><\/details>\n<\/div>\n\n\n\n<div style=\"height:100px\" aria-hidden=\"true\" class=\"wp-block-spacer\"><\/div>\n\n\n\n<div id=\"wp-block-themeisle-blocks-advanced-columns-c4fd259e\" class=\"wp-block-themeisle-blocks-advanced-columns has-2-columns has-desktop-equal-layout has-tablet-equal-layout has-mobile-collapsedRows-layout has-vertical-unset\"><div class=\"wp-block-themeisle-blocks-advanced-columns-overlay\"><\/div><div class=\"innerblocks-wrap\">\n<div id=\"wp-block-themeisle-blocks-advanced-column-4a911160\" class=\"wp-block-themeisle-blocks-advanced-column\">\n<p class=\"has-accent-color has-text-color has-link-color has-montserrat-font-family has-normal-font-size wp-elements-925f8e69fa812ffb5f7a23fc81672c38\"><strong>SOLAR SECTOR<\/strong>  <\/p>\n\n\n\n<p class=\"has-accent-color has-text-color has-link-color has-montserrat-font-family wp-elements-32e59e8c15611963df372e8db4aa4ce2\">In recent years, Demaq has developed machinery specifically for the production of solar structures, both fixed and trackers, with experience in high-capacity projects.<\/p>\n<\/div>\n\n\n\n<div id=\"wp-block-themeisle-blocks-advanced-column-177da35a\" class=\"wp-block-themeisle-blocks-advanced-column\">\n<figure class=\"wp-block-image size-large ticss-764ccf5b\"><a href=\"https:\/\/demaq.com\/wp-content\/uploads\/solar-imagen.jpg\"><img loading=\"lazy\" decoding=\"async\" width=\"1024\" height=\"683\" src=\"https:\/\/demaq.com\/wp-content\/uploads\/solar-imagen-1024x683.jpg\" alt=\"\" class=\"wp-image-4974\" srcset=\"https:\/\/demaq.com\/wp-content\/uploads\/solar-imagen-1024x683.jpg 1024w, https:\/\/demaq.com\/wp-content\/uploads\/solar-imagen-300x200.jpg 300w, https:\/\/demaq.com\/wp-content\/uploads\/solar-imagen-768x512.jpg 768w, https:\/\/demaq.com\/wp-content\/uploads\/solar-imagen.jpg 1200w\" sizes=\"auto, (max-width: 1024px) 100vw, 1024px\" \/><\/a><\/figure>\n<\/div>\n<\/div><\/div>\n\n\n\n<div id=\"wp-block-themeisle-blocks-accordion-0a6174ab\" class=\"wp-block-themeisle-blocks-accordion exclusive  is-style-default\">\n<details class=\"wp-block-themeisle-blocks-accordion-item\"><summary class=\"wp-block-themeisle-blocks-accordion-item__title\"><div>STAMPING\/FORMING PRESS LINES<\/div><\/summary><div class=\"wp-block-themeisle-blocks-accordion-item__content\">\n<p class=\"has-accent-color has-text-color has-link-color wp-elements-97ff79dc8b8a1f83c2dd20e6ee1c7690\">With more than 15 years of experience in press feeder line manufacturing, Demaq was a pioneer in introducing this process to Spain's solar sector, providing solutions for accessories and main components, particularly for trackers.<\/p>\n<\/div><\/details>\n\n\n\n<details class=\"wp-block-themeisle-blocks-accordion-item\"><summary class=\"wp-block-themeisle-blocks-accordion-item__title\"><div>MIXED PUNCHING AND ROLL FORMING LINES<\/div><\/summary><div class=\"wp-block-themeisle-blocks-accordion-item__content\">\n<p class=\"has-accent-color has-text-color has-link-color wp-elements-bf2aa73624280546f3e16c538d869e59\">With key references, we offer roll forming lines with the best price\/performance ratio and processing capacity. Optimized for the execution of fixed or mobile structures, with extensive experience in tooling for profiles specific to the solar industry.<\/p>\n<\/div><\/details>\n<\/div>\n\n\n\n<div style=\"height:100px\" aria-hidden=\"true\" class=\"wp-block-spacer\"><\/div>\n\n\n\n<div id=\"wp-block-themeisle-blocks-advanced-columns-a053aab0\" class=\"wp-block-themeisle-blocks-advanced-columns has-2-columns has-desktop-equal-layout has-tablet-equal-layout has-mobile-collapsedRows-layout has-vertical-unset\"><div class=\"wp-block-themeisle-blocks-advanced-columns-overlay\"><\/div><div class=\"innerblocks-wrap\">\n<div id=\"wp-block-themeisle-blocks-advanced-column-102edf18\" class=\"wp-block-themeisle-blocks-advanced-column\">\n<p class=\"has-accent-color has-text-color has-link-color has-montserrat-font-family has-normal-font-size wp-elements-3c5a1a6db0f3c34ee9afcc633b882a3b\"><strong>CIVIL SECTOR<\/strong> <\/p>\n\n\n\n<p class=\"has-accent-color has-text-color has-link-color has-montserrat-font-family wp-elements-e1977b5d1ab828c92af56e7b0d6d186b\">The relative importance of the construction sector within our business structure has led to our involvement in the manufacturing of machinery for this type of activity. <\/p>\n<\/div>\n\n\n\n<div id=\"wp-block-themeisle-blocks-advanced-column-9e447591\" class=\"wp-block-themeisle-blocks-advanced-column\">\n<figure class=\"wp-block-image size-large ticss-563d0cc0\"><a href=\"https:\/\/demaq.com\/wp-content\/uploads\/civil-imagen.jpg\"><img loading=\"lazy\" decoding=\"async\" width=\"1024\" height=\"683\" src=\"https:\/\/demaq.com\/wp-content\/uploads\/civil-imagen-1024x683.jpg\" alt=\"\" class=\"wp-image-4973\" srcset=\"https:\/\/demaq.com\/wp-content\/uploads\/civil-imagen-1024x683.jpg 1024w, https:\/\/demaq.com\/wp-content\/uploads\/civil-imagen-300x200.jpg 300w, https:\/\/demaq.com\/wp-content\/uploads\/civil-imagen-768x512.jpg 768w, https:\/\/demaq.com\/wp-content\/uploads\/civil-imagen.jpg 1200w\" sizes=\"auto, (max-width: 1024px) 100vw, 1024px\" \/><\/a><\/figure>\n<\/div>\n<\/div><\/div>\n\n\n\n<div id=\"wp-block-themeisle-blocks-accordion-e46d390b\" class=\"wp-block-themeisle-blocks-accordion exclusive  is-style-default\">\n<details class=\"wp-block-themeisle-blocks-accordion-item\"><summary class=\"wp-block-themeisle-blocks-accordion-item__title\"><div>VENTILATION DUCT MANUFACTURING MACHINERY<\/div><\/summary><div class=\"wp-block-themeisle-blocks-accordion-item__content\">\n<p class=\"has-accent-color has-text-color has-link-color wp-elements-b1d93e47aa286ae3ee2f5a5cdadf52c0\">The Supra duct manufacturing system consists of three modules:<br><\/p>\n\n\n\n<ul class=\"wp-block-list\">\n<li class=\"has-accent-color has-text-color has-link-color wp-elements-195b63bda8b8391cda3763b17d509604\">Module I: Supra modular cutting line for sheet formatting, cutting, punching, and Pittsburgh profiling.<\/li>\n\n\n\n<li class=\"has-accent-color has-text-color has-link-color wp-elements-9dbc9e32b23a600a27cac79588178315\">Module II: Roll former for integral flange production.<\/li>\n\n\n\n<li class=\"has-accent-color has-text-color has-link-color wp-elements-516dfeb520014e049fa79b67b767562a\">Module III: CNC bending table.<\/li>\n<\/ul>\n\n\n\n<div id=\"wp-block-themeisle-blocks-advanced-columns-7fed9e08\" class=\"wp-block-themeisle-blocks-advanced-columns has-2-columns has-desktop-equal-layout has-tablet-equal-layout has-mobile-collapsedRows-layout has-vertical-unset ticss-d0158afa\"><div class=\"wp-block-themeisle-blocks-advanced-columns-overlay\"><\/div><div class=\"innerblocks-wrap\">\n<div id=\"wp-block-themeisle-blocks-advanced-column-ddd2bb56\" class=\"wp-block-themeisle-blocks-advanced-column\">\n<figure class=\"wp-block-image size-large\"><a href=\"https:\/\/demaq.com\/wp-content\/uploads\/maquinaria-conductos-ventilacion-civil-1.jpg\"><img loading=\"lazy\" decoding=\"async\" width=\"1024\" height=\"640\" src=\"https:\/\/demaq.com\/wp-content\/uploads\/maquinaria-conductos-ventilacion-civil-1-1024x640.jpg\" alt=\"\" class=\"wp-image-5021\" srcset=\"https:\/\/demaq.com\/wp-content\/uploads\/maquinaria-conductos-ventilacion-civil-1-1024x640.jpg 1024w, https:\/\/demaq.com\/wp-content\/uploads\/maquinaria-conductos-ventilacion-civil-1-300x188.jpg 300w, https:\/\/demaq.com\/wp-content\/uploads\/maquinaria-conductos-ventilacion-civil-1-768x480.jpg 768w, https:\/\/demaq.com\/wp-content\/uploads\/maquinaria-conductos-ventilacion-civil-1.jpg 1280w\" sizes=\"auto, (max-width: 1024px) 100vw, 1024px\" \/><\/a><\/figure>\n<\/div>\n\n\n\n<div id=\"wp-block-themeisle-blocks-advanced-column-49b3e93d\" class=\"wp-block-themeisle-blocks-advanced-column\">\n<figure class=\"wp-block-image size-large\"><a href=\"https:\/\/demaq.com\/wp-content\/uploads\/maquinaria-conductos-ventilacion-civil-2.jpg\"><img loading=\"lazy\" decoding=\"async\" width=\"1024\" height=\"640\" src=\"https:\/\/demaq.com\/wp-content\/uploads\/maquinaria-conductos-ventilacion-civil-2-1024x640.jpg\" alt=\"\" class=\"wp-image-5022\" srcset=\"https:\/\/demaq.com\/wp-content\/uploads\/maquinaria-conductos-ventilacion-civil-2-1024x640.jpg 1024w, https:\/\/demaq.com\/wp-content\/uploads\/maquinaria-conductos-ventilacion-civil-2-300x188.jpg 300w, https:\/\/demaq.com\/wp-content\/uploads\/maquinaria-conductos-ventilacion-civil-2-768x480.jpg 768w, https:\/\/demaq.com\/wp-content\/uploads\/maquinaria-conductos-ventilacion-civil-2.jpg 1280w\" sizes=\"auto, (max-width: 1024px) 100vw, 1024px\" \/><\/a><\/figure>\n<\/div>\n<\/div><\/div>\n<\/div><\/details>\n<\/div>\n\n\n\n<p><\/p>","protected":false},"excerpt":{"rendered":"<p>Our experience allows us to meet the needs of industries such as automotive, solar energy, and civil engineering, offering solutions tailored to the requirements of each application.<\/p>","protected":false},"author":5,"featured_media":0,"parent":0,"menu_order":0,"comment_status":"closed","ping_status":"closed","template":"general","meta":{"_themeisle_gutenberg_block_has_review":false,"footnotes":""},"class_list":["post-2575","page","type-page","status-publish","hentry"],"yoast_head":"<!-- This site is optimized with the Yoast SEO plugin v27.2 - https:\/\/yoast.com\/product\/yoast-seo-wordpress\/ -->\n<title>Sectores - DEMAQ<\/title>\n<meta name=\"description\" content=\"Nuestra experiencia nos permite ofrecer soluciones para sectores como automoci\u00f3n, energ\u00eda solar y sector civil, adapt\u00e1ndonos a las necesidades de cada industria.\" \/>\n<meta name=\"robots\" content=\"index, follow, max-snippet:-1, max-image-preview:large, max-video-preview:-1\" \/>\n<link rel=\"canonical\" href=\"https:\/\/demaq.com\/en\/sectores\/\" \/>\n<meta property=\"og:locale\" content=\"en_US\" \/>\n<meta property=\"og:type\" content=\"article\" \/>\n<meta property=\"og:title\" content=\"Sectores - DEMAQ\" \/>\n<meta property=\"og:description\" content=\"Nuestra experiencia nos permite ofrecer soluciones para sectores como automoci\u00f3n, energ\u00eda solar y sector civil, adapt\u00e1ndonos a las necesidades de cada industria.\" \/>\n<meta property=\"og:url\" content=\"https:\/\/demaq.com\/en\/sectores\/\" \/>\n<meta property=\"og:site_name\" content=\"DEMAQ\" \/>\n<meta property=\"article:modified_time\" content=\"2026-03-31T05:32:09+00:00\" \/>\n<meta property=\"og:image\" content=\"https:\/\/demaq.com\/wp-content\/uploads\/automocion-imagen.jpg\" \/>\n\t<meta property=\"og:image:width\" content=\"1200\" \/>\n\t<meta property=\"og:image:height\" content=\"800\" \/>\n\t<meta property=\"og:image:type\" content=\"image\/jpeg\" \/>\n<meta name=\"twitter:card\" content=\"summary_large_image\" \/>\n<meta name=\"twitter:label1\" content=\"Est. reading time\" \/>\n\t<meta name=\"twitter:data1\" content=\"4 minutes\" \/>\n<script type=\"application\/ld+json\" class=\"yoast-schema-graph\">{\"@context\":\"https:\/\/schema.org\",\"@graph\":[{\"@type\":\"WebPage\",\"@id\":\"https:\/\/demaq.com\/sectores\/\",\"url\":\"https:\/\/demaq.com\/sectores\/\",\"name\":\"Sectores - DEMAQ\",\"isPartOf\":{\"@id\":\"https:\/\/demaq.com\/#website\"},\"primaryImageOfPage\":{\"@id\":\"https:\/\/demaq.com\/sectores\/#primaryimage\"},\"image\":{\"@id\":\"https:\/\/demaq.com\/sectores\/#primaryimage\"},\"thumbnailUrl\":\"https:\/\/demaq.com\/wp-content\/uploads\/automocion-imagen-1024x683.jpg\",\"datePublished\":\"2018-04-11T14:06:06+00:00\",\"dateModified\":\"2026-03-31T05:32:09+00:00\",\"description\":\"Nuestra experiencia nos permite ofrecer soluciones para sectores como automoci\u00f3n, energ\u00eda solar y sector civil, adapt\u00e1ndonos a las necesidades de cada industria.\",\"breadcrumb\":{\"@id\":\"https:\/\/demaq.com\/sectores\/#breadcrumb\"},\"inLanguage\":\"en-US\",\"potentialAction\":[{\"@type\":\"ReadAction\",\"target\":[\"https:\/\/demaq.com\/sectores\/\"]}]},{\"@type\":\"ImageObject\",\"inLanguage\":\"en-US\",\"@id\":\"https:\/\/demaq.com\/sectores\/#primaryimage\",\"url\":\"https:\/\/demaq.com\/wp-content\/uploads\/automocion-imagen-1024x683.jpg\",\"contentUrl\":\"https:\/\/demaq.com\/wp-content\/uploads\/automocion-imagen-1024x683.jpg\"},{\"@type\":\"BreadcrumbList\",\"@id\":\"https:\/\/demaq.com\/sectores\/#breadcrumb\",\"itemListElement\":[{\"@type\":\"ListItem\",\"position\":1,\"name\":\"Portada\",\"item\":\"https:\/\/demaq.com\/\"},{\"@type\":\"ListItem\",\"position\":2,\"name\":\"Sectores\"}]},{\"@type\":\"WebSite\",\"@id\":\"https:\/\/demaq.com\/#website\",\"url\":\"https:\/\/demaq.com\/\",\"name\":\"DEMAQ\",\"description\":\"\",\"publisher\":{\"@id\":\"https:\/\/demaq.com\/#organization\"},\"potentialAction\":[{\"@type\":\"SearchAction\",\"target\":{\"@type\":\"EntryPoint\",\"urlTemplate\":\"https:\/\/demaq.com\/?s={search_term_string}\"},\"query-input\":{\"@type\":\"PropertyValueSpecification\",\"valueRequired\":true,\"valueName\":\"search_term_string\"}}],\"inLanguage\":\"en-US\"},{\"@type\":\"Organization\",\"@id\":\"https:\/\/demaq.com\/#organization\",\"name\":\"DEMAQ\",\"url\":\"https:\/\/demaq.com\/\",\"logo\":{\"@type\":\"ImageObject\",\"inLanguage\":\"en-US\",\"@id\":\"https:\/\/demaq.com\/#\/schema\/logo\/image\/\",\"url\":\"https:\/\/demaq.com\/wp-content\/uploads\/logo-demaq.png\",\"contentUrl\":\"https:\/\/demaq.com\/wp-content\/uploads\/logo-demaq.png\",\"width\":400,\"height\":62,\"caption\":\"DEMAQ\"},\"image\":{\"@id\":\"https:\/\/demaq.com\/#\/schema\/logo\/image\/\"}}]}<\/script>\n<!-- \/ Yoast SEO plugin. -->","yoast_head_json":{"title":"Sectores - DEMAQ","description":"Nuestra experiencia nos permite ofrecer soluciones para sectores como automoci\u00f3n, energ\u00eda solar y sector civil, adapt\u00e1ndonos a las necesidades de cada industria.","robots":{"index":"index","follow":"follow","max-snippet":"max-snippet:-1","max-image-preview":"max-image-preview:large","max-video-preview":"max-video-preview:-1"},"canonical":"https:\/\/demaq.com\/en\/sectores\/","og_locale":"en_US","og_type":"article","og_title":"Sectores - DEMAQ","og_description":"Nuestra experiencia nos permite ofrecer soluciones para sectores como automoci\u00f3n, energ\u00eda solar y sector civil, adapt\u00e1ndonos a las necesidades de cada industria.","og_url":"https:\/\/demaq.com\/en\/sectores\/","og_site_name":"DEMAQ","article_modified_time":"2026-03-31T05:32:09+00:00","og_image":[{"width":1200,"height":800,"url":"https:\/\/demaq.com\/wp-content\/uploads\/automocion-imagen.jpg","type":"image\/jpeg"}],"twitter_card":"summary_large_image","twitter_misc":{"Est. reading time":"4 minutes"},"schema":{"@context":"https:\/\/schema.org","@graph":[{"@type":"WebPage","@id":"https:\/\/demaq.com\/sectores\/","url":"https:\/\/demaq.com\/sectores\/","name":"Sectores - DEMAQ","isPartOf":{"@id":"https:\/\/demaq.com\/#website"},"primaryImageOfPage":{"@id":"https:\/\/demaq.com\/sectores\/#primaryimage"},"image":{"@id":"https:\/\/demaq.com\/sectores\/#primaryimage"},"thumbnailUrl":"https:\/\/demaq.com\/wp-content\/uploads\/automocion-imagen-1024x683.jpg","datePublished":"2018-04-11T14:06:06+00:00","dateModified":"2026-03-31T05:32:09+00:00","description":"Nuestra experiencia nos permite ofrecer soluciones para sectores como automoci\u00f3n, energ\u00eda solar y sector civil, adapt\u00e1ndonos a las necesidades de cada industria.","breadcrumb":{"@id":"https:\/\/demaq.com\/sectores\/#breadcrumb"},"inLanguage":"en-US","potentialAction":[{"@type":"ReadAction","target":["https:\/\/demaq.com\/sectores\/"]}]},{"@type":"ImageObject","inLanguage":"en-US","@id":"https:\/\/demaq.com\/sectores\/#primaryimage","url":"https:\/\/demaq.com\/wp-content\/uploads\/automocion-imagen-1024x683.jpg","contentUrl":"https:\/\/demaq.com\/wp-content\/uploads\/automocion-imagen-1024x683.jpg"},{"@type":"BreadcrumbList","@id":"https:\/\/demaq.com\/sectores\/#breadcrumb","itemListElement":[{"@type":"ListItem","position":1,"name":"Portada","item":"https:\/\/demaq.com\/"},{"@type":"ListItem","position":2,"name":"Sectores"}]},{"@type":"WebSite","@id":"https:\/\/demaq.com\/#website","url":"https:\/\/demaq.com\/","name":"DEMAQ","description":"","publisher":{"@id":"https:\/\/demaq.com\/#organization"},"potentialAction":[{"@type":"SearchAction","target":{"@type":"EntryPoint","urlTemplate":"https:\/\/demaq.com\/?s={search_term_string}"},"query-input":{"@type":"PropertyValueSpecification","valueRequired":true,"valueName":"search_term_string"}}],"inLanguage":"en-US"},{"@type":"Organization","@id":"https:\/\/demaq.com\/#organization","name":"DEMAQ","url":"https:\/\/demaq.com\/","logo":{"@type":"ImageObject","inLanguage":"en-US","@id":"https:\/\/demaq.com\/#\/schema\/logo\/image\/","url":"https:\/\/demaq.com\/wp-content\/uploads\/logo-demaq.png","contentUrl":"https:\/\/demaq.com\/wp-content\/uploads\/logo-demaq.png","width":400,"height":62,"caption":"DEMAQ"},"image":{"@id":"https:\/\/demaq.com\/#\/schema\/logo\/image\/"}}]}},"_links":{"self":[{"href":"https:\/\/demaq.com\/en\/wp-json\/wp\/v2\/pages\/2575","targetHints":{"allow":["GET"]}}],"collection":[{"href":"https:\/\/demaq.com\/en\/wp-json\/wp\/v2\/pages"}],"about":[{"href":"https:\/\/demaq.com\/en\/wp-json\/wp\/v2\/types\/page"}],"author":[{"embeddable":true,"href":"https:\/\/demaq.com\/en\/wp-json\/wp\/v2\/users\/5"}],"replies":[{"embeddable":true,"href":"https:\/\/demaq.com\/en\/wp-json\/wp\/v2\/comments?post=2575"}],"version-history":[{"count":42,"href":"https:\/\/demaq.com\/en\/wp-json\/wp\/v2\/pages\/2575\/revisions"}],"predecessor-version":[{"id":5369,"href":"https:\/\/demaq.com\/en\/wp-json\/wp\/v2\/pages\/2575\/revisions\/5369"}],"wp:attachment":[{"href":"https:\/\/demaq.com\/en\/wp-json\/wp\/v2\/media?parent=2575"}],"curies":[{"name":"wp","href":"https:\/\/api.w.org\/{rel}","templated":true}]}}