{"id":2753,"date":"2018-06-07T12:44:06","date_gmt":"2018-06-07T11:44:06","guid":{"rendered":"https:\/\/demaq.com\/?page_id=2753"},"modified":"2018-06-12T15:31:45","modified_gmt":"2018-06-12T14:31:45","slug":"prensas","status":"publish","type":"page","link":"https:\/\/demaq.com\/en\/prensas\/","title":{"rendered":"PRENSAS MEC\u00c1NICAS"},"content":{"rendered":"<p><span style=\"text-decoration: underline;\"><strong>CC<\/strong><\/span><\/p>\n<p style=\"text-align: justify;\"><span lang=\"es\">Las prensas de la gama CC est\u00e1n preparadas ergon\u00f3micamente para trabajos de carga manual, y optimizadas para procesos autom\u00e1ticos, por ejemplo, con dispositivos de alimentaci\u00f3n autom\u00e1tica. <\/span><\/p>\n<p class=\"tw-data-text tw-ta tw-text-small\" dir=\"ltr\" style=\"text-align: justify;\" data-placeholder=\"Traducci\u00f3n\"><span lang=\"es\">Esta gama de prensas est\u00e1 disponible en 630 KN, 1.000 KN, 1.600 KN y 2.500 KN.\u00a0<\/span><\/p>\n<p dir=\"ltr\" data-placeholder=\"Traducci\u00f3n\"><a href=\"https:\/\/demaq.com\/wp-content\/uploads\/exacta-cc160_example_copy4efde85bb6a67.jpg\"><img loading=\"lazy\" decoding=\"async\" class=\"wp-image-2814 alignnone\" src=\"https:\/\/demaq.com\/wp-content\/uploads\/exacta-cc160_example_copy4efde85bb6a67-167x300.jpg\" alt=\"\" width=\"229\" height=\"411\" srcset=\"https:\/\/demaq.com\/wp-content\/uploads\/exacta-cc160_example_copy4efde85bb6a67-167x300.jpg 167w, https:\/\/demaq.com\/wp-content\/uploads\/exacta-cc160_example_copy4efde85bb6a67-768x1378.jpg 768w, https:\/\/demaq.com\/wp-content\/uploads\/exacta-cc160_example_copy4efde85bb6a67-571x1024.jpg 571w, https:\/\/demaq.com\/wp-content\/uploads\/exacta-cc160_example_copy4efde85bb6a67.jpg 1324w\" sizes=\"auto, (max-width: 229px) 100vw, 229px\" \/><\/a><\/p>\n<p style=\"text-align: justify;\"><span style=\"text-decoration: underline;\"><strong>DM<\/strong><\/span><\/p>\n<div class=\"oSioSc\">\n<div id=\"tw-target\">\n<div id=\"tw-target-text-container\" class=\"tw-ta-container tw-nfl\">\n<p id=\"tw-target-text\" class=\"tw-data-text tw-ta tw-text-small\" dir=\"ltr\" style=\"text-align: justify;\" data-placeholder=\"Traducci\u00f3n\"><span lang=\"es\">Las prensas de la gama DM son prensas exc\u00e9ntricas con cig\u00fce\u00f1ales dobles y bielas, ideales para procesos extremadamente precisos y para el uso progresivo de matrices. Esta gama de prensas est\u00e1 disponible en 1.600 KN, 2.500 KN y 4.000 KN. Otras capacidades o dimensiones disponibles por solicitud del cliente.<\/span><\/p>\n<\/div>\n<\/div>\n<\/div>\n<p><a href=\"https:\/\/demaq.com\/wp-content\/uploads\/dm_160.jpg\"><img loading=\"lazy\" decoding=\"async\" class=\"wp-image-2824 alignnone\" src=\"https:\/\/demaq.com\/wp-content\/uploads\/dm_160-214x300.jpg\" alt=\"\" width=\"238\" height=\"334\" srcset=\"https:\/\/demaq.com\/wp-content\/uploads\/dm_160-214x300.jpg 214w, https:\/\/demaq.com\/wp-content\/uploads\/dm_160-768x1079.jpg 768w, https:\/\/demaq.com\/wp-content\/uploads\/dm_160-729x1024.jpg 729w, https:\/\/demaq.com\/wp-content\/uploads\/dm_160.jpg 852w\" sizes=\"auto, (max-width: 238px) 100vw, 238px\" \/><\/a><\/p>\n<p>&nbsp;<\/p>\n<p><span style=\"text-decoration: underline;\"><strong>DM-S<\/strong><\/span><\/p>\n<div class=\"oSioSc\">\n<div id=\"tw-target\">\n<div id=\"tw-target-text-container\" class=\"tw-ta-container tw-nfl\">\n<p id=\"tw-target-text\" class=\"tw-data-text tw-ta tw-text-small\" dir=\"ltr\" style=\"text-align: justify;\" data-placeholder=\"Traducci\u00f3n\"><span lang=\"es\">Las prensas de la gama DM-S son prensas exc\u00e9ntricas con un cig\u00fce\u00f1al y una biela, ideales para procesos extremadamente precisos, est\u00e1n ergon\u00f3micamente preparadas para el trabajo de carga manual y est\u00e1n optimizadas para procesos autom\u00e1ticos, por ejemplo, con dispositivos de alimentaci\u00f3n autom\u00e1tica. Esta gama de prensas est\u00e1 disponible en 630 KN, 1.000 KN, 1.600 KN, 2.500 KN y 4.000 KN. Otras capacidades o dimensiones disponibles por solicitud del cliente.<\/span><\/p>\n<\/div>\n<\/div>\n<\/div>\n<p><a href=\"https:\/\/demaq.com\/wp-content\/uploads\/dm-_s.jpg\"><img loading=\"lazy\" decoding=\"async\" class=\"alignnone wp-image-2830\" src=\"https:\/\/demaq.com\/wp-content\/uploads\/dm-_s-225x300.jpg\" alt=\"\" width=\"272\" height=\"363\" srcset=\"https:\/\/demaq.com\/wp-content\/uploads\/dm-_s-225x300.jpg 225w, https:\/\/demaq.com\/wp-content\/uploads\/dm-_s-768x1024.jpg 768w, https:\/\/demaq.com\/wp-content\/uploads\/dm-_s.jpg 1920w\" sizes=\"auto, (max-width: 272px) 100vw, 272px\" \/><\/a><\/p>\n<p>&nbsp;<\/p>\n<p><span style=\"text-decoration: underline;\"><strong>PE<\/strong><\/span><\/p>\n<p><a href=\"https:\/\/demaq.com\/wp-content\/uploads\/exacta_modelo_pe_.jpg\"><img loading=\"lazy\" decoding=\"async\" class=\"alignnone wp-image-2855\" src=\"https:\/\/demaq.com\/wp-content\/uploads\/exacta_modelo_pe_-199x300.jpg\" alt=\"\" width=\"257\" height=\"387\" srcset=\"https:\/\/demaq.com\/wp-content\/uploads\/exacta_modelo_pe_-199x300.jpg 199w, https:\/\/demaq.com\/wp-content\/uploads\/exacta_modelo_pe_-768x1159.jpg 768w, https:\/\/demaq.com\/wp-content\/uploads\/exacta_modelo_pe_-679x1024.jpg 679w, https:\/\/demaq.com\/wp-content\/uploads\/exacta_modelo_pe_.jpg 988w\" sizes=\"auto, (max-width: 257px) 100vw, 257px\" \/><\/a><\/p>\n<p>&nbsp;<\/p>\n<p>&nbsp;<\/p>\n<p>&nbsp;<\/p>\n<p class=\"tw-data-text tw-ta tw-text-small\" dir=\"ltr\" style=\"text-align: justify;\" data-placeholder=\"Traducci\u00f3n\"><span lang=\"es\">Algunas de las ventajas de estas prensas son: <\/span><\/p>\n<p class=\"tw-data-text tw-ta tw-text-small\" dir=\"ltr\" style=\"text-align: justify;\" data-placeholder=\"Traducci\u00f3n\"><span lang=\"es\">&#8211; Inversor de velocidad. <\/span><\/p>\n<p class=\"tw-data-text tw-ta tw-text-small\" dir=\"ltr\" style=\"text-align: justify;\" data-placeholder=\"Traducci\u00f3n\"><span lang=\"es\">&#8211; Tiempos de configuraci\u00f3n bajos gracias al sistema de cambio de carrera completamente autom\u00e1tico y al ajuste autom\u00e1tico de deslizamiento.<\/span><\/p>\n<p class=\"tw-data-text tw-ta tw-text-small\" dir=\"ltr\" style=\"text-align: justify;\" data-placeholder=\"Traducci\u00f3n\"><span lang=\"es\">&#8211; Sistema de gesti\u00f3n de matrices (DMS) <\/span><\/p>\n<p class=\"tw-data-text tw-ta tw-text-small\" dir=\"ltr\" style=\"text-align: justify;\" data-placeholder=\"Traducci\u00f3n\"><span lang=\"es\">&#8211; Sistema de lubricaci\u00f3n de aceite centralizado autom\u00e1tico con recirculaci\u00f3n de aceite forzado <\/span><\/p>\n<p class=\"tw-data-text tw-ta tw-text-small\" dir=\"ltr\" style=\"text-align: justify;\" data-placeholder=\"Traducci\u00f3n\"><span lang=\"es\">&#8211; Contador de piezas del sistema programable (varios contadores)<\/span><\/p>\n<p class=\"tw-data-text tw-ta tw-text-small\" dir=\"ltr\" style=\"text-align: justify;\" data-placeholder=\"Traducci\u00f3n\"><span lang=\"es\">&#8211; Contador de ciclos de m\u00e1quina total <\/span><\/p>\n<p class=\"tw-data-text tw-ta tw-text-small\" dir=\"ltr\" style=\"text-align: justify;\" data-placeholder=\"Traducci\u00f3n\"><span lang=\"es\">&#8211; Sistema de sobrecarga hidr\u00e1ulico <\/span><\/p>\n<p class=\"tw-data-text tw-ta tw-text-small\" dir=\"ltr\" style=\"text-align: justify;\" data-placeholder=\"Traducci\u00f3n\"><span lang=\"es\">&#8211; Contra balanceadores <\/span><\/p>\n<p class=\"tw-data-text tw-ta tw-text-small\" dir=\"ltr\" style=\"text-align: justify;\" data-placeholder=\"Traducci\u00f3n\"><span lang=\"es\">&#8211; Soluci\u00f3n de problemas de desglose a trav\u00e9s de men\u00fas (DMS)\u00a0<\/span><\/p>\n<p class=\"tw-data-text tw-ta tw-text-small\" dir=\"ltr\" style=\"text-align: justify;\" data-placeholder=\"Traducci\u00f3n\"><span lang=\"es\">La prensa tiene una forma compacta, con un excelente rendimiento en t\u00e9rminos de rigidez de flexi\u00f3n y torsi\u00f3n y resistencia mec\u00e1nica.<\/span><\/p>\n<p>&nbsp;<\/p>\n<p>&nbsp;<\/p>\n<p>&nbsp;<\/p>","protected":false},"excerpt":{"rendered":"<p>CC Las prensas de la gama CC est\u00e1n preparadas ergon\u00f3micamente para trabajos de carga manual, y optimizadas para procesos autom\u00e1ticos, por ejemplo, con dispositivos de alimentaci\u00f3n autom\u00e1tica. Esta gama de prensas est\u00e1 disponible en 630 KN, 1.000 KN, 1.600 KN y 2.500 KN.\u00a0 DM Las prensas de la gama DM son prensas exc\u00e9ntricas con cig\u00fce\u00f1ales [&hellip;]<\/p>\n","protected":false},"author":5,"featured_media":0,"parent":0,"menu_order":0,"comment_status":"closed","ping_status":"closed","template":"","meta":{"_themeisle_gutenberg_block_has_review":false,"footnotes":""},"class_list":["post-2753","page","type-page","status-publish","hentry"],"yoast_head":"<!-- This site is optimized with the Yoast SEO plugin v27.2 - https:\/\/yoast.com\/product\/yoast-seo-wordpress\/ -->\n<title>PRENSAS MEC\u00c1NICAS - DEMAQ<\/title>\n<meta name=\"robots\" content=\"index, follow, max-snippet:-1, max-image-preview:large, max-video-preview:-1\" \/>\n<link rel=\"canonical\" href=\"https:\/\/demaq.com\/en\/prensas\/\" \/>\n<meta property=\"og:locale\" content=\"en_US\" \/>\n<meta property=\"og:type\" content=\"article\" \/>\n<meta property=\"og:title\" content=\"PRENSAS MEC\u00c1NICAS - DEMAQ\" \/>\n<meta property=\"og:description\" content=\"CC Las prensas de la gama CC est\u00e1n preparadas ergon\u00f3micamente para trabajos de carga manual, y optimizadas para procesos autom\u00e1ticos, por ejemplo, con dispositivos de alimentaci\u00f3n autom\u00e1tica. Esta gama de prensas est\u00e1 disponible en 630 KN, 1.000 KN, 1.600 KN y 2.500 KN.\u00a0 DM Las prensas de la gama DM son prensas exc\u00e9ntricas con cig\u00fce\u00f1ales [&hellip;]\" \/>\n<meta property=\"og:url\" content=\"https:\/\/demaq.com\/en\/prensas\/\" \/>\n<meta property=\"og:site_name\" content=\"DEMAQ\" \/>\n<meta property=\"article:modified_time\" content=\"2018-06-12T14:31:45+00:00\" \/>\n<meta property=\"og:image\" content=\"https:\/\/demaq.com\/wp-content\/uploads\/exacta-cc160_example_copy4efde85bb6a67-167x300.jpg\" \/>\n<meta name=\"twitter:card\" content=\"summary_large_image\" \/>\n<meta name=\"twitter:label1\" content=\"Est. reading time\" \/>\n\t<meta name=\"twitter:data1\" content=\"2 minutes\" \/>\n<script type=\"application\/ld+json\" class=\"yoast-schema-graph\">{\"@context\":\"https:\/\/schema.org\",\"@graph\":[{\"@type\":\"WebPage\",\"@id\":\"https:\/\/demaq.com\/prensas\/\",\"url\":\"https:\/\/demaq.com\/prensas\/\",\"name\":\"PRENSAS MEC\u00c1NICAS - DEMAQ\",\"isPartOf\":{\"@id\":\"https:\/\/demaq.com\/#website\"},\"primaryImageOfPage\":{\"@id\":\"https:\/\/demaq.com\/prensas\/#primaryimage\"},\"image\":{\"@id\":\"https:\/\/demaq.com\/prensas\/#primaryimage\"},\"thumbnailUrl\":\"https:\/\/demaq.com\/wp-content\/uploads\/exacta-cc160_example_copy4efde85bb6a67-167x300.jpg\",\"datePublished\":\"2018-06-07T11:44:06+00:00\",\"dateModified\":\"2018-06-12T14:31:45+00:00\",\"breadcrumb\":{\"@id\":\"https:\/\/demaq.com\/prensas\/#breadcrumb\"},\"inLanguage\":\"en-US\",\"potentialAction\":[{\"@type\":\"ReadAction\",\"target\":[\"https:\/\/demaq.com\/prensas\/\"]}]},{\"@type\":\"ImageObject\",\"inLanguage\":\"en-US\",\"@id\":\"https:\/\/demaq.com\/prensas\/#primaryimage\",\"url\":\"https:\/\/demaq.com\/wp-content\/uploads\/exacta-cc160_example_copy4efde85bb6a67-167x300.jpg\",\"contentUrl\":\"https:\/\/demaq.com\/wp-content\/uploads\/exacta-cc160_example_copy4efde85bb6a67-167x300.jpg\"},{\"@type\":\"BreadcrumbList\",\"@id\":\"https:\/\/demaq.com\/prensas\/#breadcrumb\",\"itemListElement\":[{\"@type\":\"ListItem\",\"position\":1,\"name\":\"Portada\",\"item\":\"https:\/\/demaq.com\/\"},{\"@type\":\"ListItem\",\"position\":2,\"name\":\"PRENSAS MEC\u00c1NICAS\"}]},{\"@type\":\"WebSite\",\"@id\":\"https:\/\/demaq.com\/#website\",\"url\":\"https:\/\/demaq.com\/\",\"name\":\"DEMAQ\",\"description\":\"\",\"publisher\":{\"@id\":\"https:\/\/demaq.com\/#organization\"},\"potentialAction\":[{\"@type\":\"SearchAction\",\"target\":{\"@type\":\"EntryPoint\",\"urlTemplate\":\"https:\/\/demaq.com\/?s={search_term_string}\"},\"query-input\":{\"@type\":\"PropertyValueSpecification\",\"valueRequired\":true,\"valueName\":\"search_term_string\"}}],\"inLanguage\":\"en-US\"},{\"@type\":\"Organization\",\"@id\":\"https:\/\/demaq.com\/#organization\",\"name\":\"DEMAQ\",\"url\":\"https:\/\/demaq.com\/\",\"logo\":{\"@type\":\"ImageObject\",\"inLanguage\":\"en-US\",\"@id\":\"https:\/\/demaq.com\/#\/schema\/logo\/image\/\",\"url\":\"https:\/\/demaq.com\/wp-content\/uploads\/logo-demaq.png\",\"contentUrl\":\"https:\/\/demaq.com\/wp-content\/uploads\/logo-demaq.png\",\"width\":400,\"height\":62,\"caption\":\"DEMAQ\"},\"image\":{\"@id\":\"https:\/\/demaq.com\/#\/schema\/logo\/image\/\"}}]}<\/script>\n<!-- \/ Yoast SEO plugin. -->","yoast_head_json":{"title":"PRENSAS MEC\u00c1NICAS - DEMAQ","robots":{"index":"index","follow":"follow","max-snippet":"max-snippet:-1","max-image-preview":"max-image-preview:large","max-video-preview":"max-video-preview:-1"},"canonical":"https:\/\/demaq.com\/en\/prensas\/","og_locale":"en_US","og_type":"article","og_title":"PRENSAS MEC\u00c1NICAS - DEMAQ","og_description":"CC Las prensas de la gama CC est\u00e1n preparadas ergon\u00f3micamente para trabajos de carga manual, y optimizadas para procesos autom\u00e1ticos, por ejemplo, con dispositivos de alimentaci\u00f3n autom\u00e1tica. Esta gama de prensas est\u00e1 disponible en 630 KN, 1.000 KN, 1.600 KN y 2.500 KN.\u00a0 DM Las prensas de la gama DM son prensas exc\u00e9ntricas con cig\u00fce\u00f1ales [&hellip;]","og_url":"https:\/\/demaq.com\/en\/prensas\/","og_site_name":"DEMAQ","article_modified_time":"2018-06-12T14:31:45+00:00","og_image":[{"url":"https:\/\/demaq.com\/wp-content\/uploads\/exacta-cc160_example_copy4efde85bb6a67-167x300.jpg","type":"","width":"","height":""}],"twitter_card":"summary_large_image","twitter_misc":{"Est. reading time":"2 minutes"},"schema":{"@context":"https:\/\/schema.org","@graph":[{"@type":"WebPage","@id":"https:\/\/demaq.com\/prensas\/","url":"https:\/\/demaq.com\/prensas\/","name":"PRENSAS MEC\u00c1NICAS - DEMAQ","isPartOf":{"@id":"https:\/\/demaq.com\/#website"},"primaryImageOfPage":{"@id":"https:\/\/demaq.com\/prensas\/#primaryimage"},"image":{"@id":"https:\/\/demaq.com\/prensas\/#primaryimage"},"thumbnailUrl":"https:\/\/demaq.com\/wp-content\/uploads\/exacta-cc160_example_copy4efde85bb6a67-167x300.jpg","datePublished":"2018-06-07T11:44:06+00:00","dateModified":"2018-06-12T14:31:45+00:00","breadcrumb":{"@id":"https:\/\/demaq.com\/prensas\/#breadcrumb"},"inLanguage":"en-US","potentialAction":[{"@type":"ReadAction","target":["https:\/\/demaq.com\/prensas\/"]}]},{"@type":"ImageObject","inLanguage":"en-US","@id":"https:\/\/demaq.com\/prensas\/#primaryimage","url":"https:\/\/demaq.com\/wp-content\/uploads\/exacta-cc160_example_copy4efde85bb6a67-167x300.jpg","contentUrl":"https:\/\/demaq.com\/wp-content\/uploads\/exacta-cc160_example_copy4efde85bb6a67-167x300.jpg"},{"@type":"BreadcrumbList","@id":"https:\/\/demaq.com\/prensas\/#breadcrumb","itemListElement":[{"@type":"ListItem","position":1,"name":"Portada","item":"https:\/\/demaq.com\/"},{"@type":"ListItem","position":2,"name":"PRENSAS MEC\u00c1NICAS"}]},{"@type":"WebSite","@id":"https:\/\/demaq.com\/#website","url":"https:\/\/demaq.com\/","name":"DEMAQ","description":"","publisher":{"@id":"https:\/\/demaq.com\/#organization"},"potentialAction":[{"@type":"SearchAction","target":{"@type":"EntryPoint","urlTemplate":"https:\/\/demaq.com\/?s={search_term_string}"},"query-input":{"@type":"PropertyValueSpecification","valueRequired":true,"valueName":"search_term_string"}}],"inLanguage":"en-US"},{"@type":"Organization","@id":"https:\/\/demaq.com\/#organization","name":"DEMAQ","url":"https:\/\/demaq.com\/","logo":{"@type":"ImageObject","inLanguage":"en-US","@id":"https:\/\/demaq.com\/#\/schema\/logo\/image\/","url":"https:\/\/demaq.com\/wp-content\/uploads\/logo-demaq.png","contentUrl":"https:\/\/demaq.com\/wp-content\/uploads\/logo-demaq.png","width":400,"height":62,"caption":"DEMAQ"},"image":{"@id":"https:\/\/demaq.com\/#\/schema\/logo\/image\/"}}]}},"_links":{"self":[{"href":"https:\/\/demaq.com\/en\/wp-json\/wp\/v2\/pages\/2753","targetHints":{"allow":["GET"]}}],"collection":[{"href":"https:\/\/demaq.com\/en\/wp-json\/wp\/v2\/pages"}],"about":[{"href":"https:\/\/demaq.com\/en\/wp-json\/wp\/v2\/types\/page"}],"author":[{"embeddable":true,"href":"https:\/\/demaq.com\/en\/wp-json\/wp\/v2\/users\/5"}],"replies":[{"embeddable":true,"href":"https:\/\/demaq.com\/en\/wp-json\/wp\/v2\/comments?post=2753"}],"version-history":[{"count":5,"href":"https:\/\/demaq.com\/en\/wp-json\/wp\/v2\/pages\/2753\/revisions"}],"predecessor-version":[{"id":2861,"href":"https:\/\/demaq.com\/en\/wp-json\/wp\/v2\/pages\/2753\/revisions\/2861"}],"wp:attachment":[{"href":"https:\/\/demaq.com\/en\/wp-json\/wp\/v2\/media?parent=2753"}],"curies":[{"name":"wp","href":"https:\/\/api.w.org\/{rel}","templated":true}]}}