{"id":3402,"date":"2023-04-24T10:45:55","date_gmt":"2023-04-24T09:45:55","guid":{"rendered":"https:\/\/demaq.com\/?page_id=3402"},"modified":"2026-04-06T07:06:20","modified_gmt":"2026-04-06T06:06:20","slug":"politica-de-cookies","status":"publish","type":"page","link":"https:\/\/demaq.com\/en\/politica-de-cookies\/","title":{"rendered":"Cookie policy"},"content":{"rendered":"<div style=\"height:100px\" aria-hidden=\"true\" class=\"wp-block-spacer\"><\/div>\n\n\n\n<p class=\"has-accent-color has-text-color has-link-color has-montserrat-font-family has-upper-heading-font-size wp-elements-9db779fd5396711b4ce119708354e2dd\"><strong>INTRODUCTION<\/strong><\/p>\n\n\n\n<p class=\"has-accent-color has-text-color has-link-color has-montserrat-font-family wp-elements-a10e80837147ea34a5c8f5bde91b3b35\">In compliance with Law 34\/2002 of July 11 on Information Society Services and Electronic Commerce, we inform the User about the use of cookies on the \u201cDemaq Galicia\u201d website.<\/p>\n\n\n\n<p class=\"has-accent-color has-text-color has-link-color has-montserrat-font-family wp-elements-fdef34c1176591483dee93da554fe590\">Cookies allow, among other things, the collection of statistical information, enable certain technical functionalities, store and retrieve information about a User\u2019s browsing habits or preferences, and, depending on the information they contain and how your device is used, they may be used to recognize the User, remember aspects such as language, country, browser, etc. If you do not wish to receive cookies, the User can configure their browser to delete them from the hard drive, block them, or notify them when cookies are being installed.<\/p>\n\n\n\n<p class=\"has-accent-color has-text-color has-link-color has-montserrat-font-family wp-elements-dec355a9ac6fdf1171eb1087c1fd17d6\">Our website uses cookies and other related technologies (for convenience, all these technologies are referred to as \u201ccookies\u201d). Cookies may also be placed by third parties we have contracted. In the following document, we provide information about the use of cookies on our website.<\/p>\n\n\n\n<p class=\"has-accent-color has-text-color has-link-color has-montserrat-font-family has-upper-heading-font-size wp-elements-330afa5a29b1c7f405a583f44e157af7\"><strong>WHAT ARE COOKIES, SCRIPTS, OR WEB BEACONS?<\/strong><\/p>\n\n\n\n<p class=\"has-accent-color has-text-color has-link-color has-montserrat-font-family wp-elements-8436afb223dd549e0184f24cf284013e\">A cookie is a small, simple file sent along with the pages of this website that the user\u2019s browser stores on the hard drive of their computer or other device (smartphone, tablet, smart TV, etc.). The stored information can be sent back to our servers or to the relevant third-party servers during a later visit.<\/p>\n\n\n\n<p class=\"has-accent-color has-text-color has-link-color has-montserrat-font-family wp-elements-fab82bba51735c8fb134b4c919786efe\">A script is a piece of program code used to make our website function correctly and interactively. This code runs on our server or on the user\u2019s device.<\/p>\n\n\n\n<p class=\"has-accent-color has-text-color has-link-color has-montserrat-font-family wp-elements-e8a85a780c5ae5a3162776386e22e4f9\">A web beacon (or pixel tag) is a small, invisible piece of text or image on a website used to track website traffic.<\/p>\n\n\n\n<p class=\"has-accent-color has-text-color has-link-color has-montserrat-font-family has-upper-heading-font-size wp-elements-fc811b50e60609d4bdbff1809dca1a0a\"><strong>ACCORDING TO THE ENTITY THAT MANAGES THEM, COOKIES CAN BE:<\/strong><\/p>\n\n\n\n<ul class=\"wp-block-list\">\n<li class=\"has-accent-color has-text-color has-link-color has-montserrat-font-family wp-elements-e6afeb1b91a445aa95db71917add0d4c\"><em>First-party Cookies<\/em><\/li>\n<\/ul>\n\n\n\n<p class=\"has-accent-color has-text-color has-link-color has-montserrat-font-family wp-elements-0f02d2e897d24c0f8225f18bf94f7dbd\">First-party cookies are files sent from our servers or domains directly to the user\u2019s device. They are created and managed by us, and their use contributes to the proper functioning and personalization of the user experience.<\/p>\n\n\n\n<ul class=\"wp-block-list\">\n<li class=\"has-accent-color has-text-color has-link-color has-montserrat-font-family wp-elements-d63343c2bfe599855738c96799bba167\"><em>Third-party Cookies<\/em><\/li>\n<\/ul>\n\n\n\n<p class=\"has-accent-color has-text-color has-link-color has-montserrat-font-family wp-elements-483403dd064a7ae3d3d4d53f580bdf37\">The Website may use cookies installed by third parties to perform statistical analysis on user navigation or to display personalized advertising content. It is important to note that, if third-party cookies are accepted, it is the user\u2019s responsibility to delete them via browser settings or through the system provided by the third party.<\/p>\n\n\n\n<p class=\"has-accent-color has-text-color has-link-color has-montserrat-font-family wp-elements-cfd45833d84c6d0e7f08d41d2663fae4\">Neither this Website nor its legal representatives are responsible for the content or accuracy of the privacy policies of the third parties mentioned in this cookie policy. Web browsers are the tools responsible for storing cookies, and users must exercise their right to delete or disable them from there. Neither this Website nor its legal representatives can guarantee the proper or improper handling of cookies by these browsers.<\/p>\n\n\n\n<p class=\"has-accent-color has-text-color has-link-color has-montserrat-font-family has-upper-heading-font-size wp-elements-476646acb966fda48aebc8f7aee5baab\"><strong>ACCORDING TO THEIR EXPIRATION, COOKIES CAN BE:<\/strong><\/p>\n\n\n\n<ul class=\"wp-block-list\">\n<li class=\"has-accent-color has-text-color has-link-color has-montserrat-font-family wp-elements-11cc00a698048abadb555c1c4a2ec05b\"><em>Session Cookies<\/em><\/li>\n<\/ul>\n\n\n\n<p class=\"has-accent-color has-text-color has-link-color has-montserrat-font-family wp-elements-3188090660d034335dbabe803769690f\">Temporary cookies that remain in the browser\u2019s cookie file only during the session on our website and are not stored on the device after logging out or closing the browser.<\/p>\n\n\n\n<ul class=\"wp-block-list\">\n<li class=\"has-accent-color has-text-color has-link-color has-montserrat-font-family wp-elements-8e1d7a0cfc7e6f7a21b127a66363515d\"><em>Persistent Cookies<\/em><\/li>\n<\/ul>\n\n\n\n<p class=\"has-accent-color has-text-color has-link-color has-montserrat-font-family wp-elements-ec325fd68a4b8ec26bef921e224ae4fb\">These cookies store information on the device and remain after logging out or closing the browser. They are used to remember information and settings between visits, providing a personalized experience over time.<\/p>\n\n\n\n<p class=\"has-accent-color has-text-color has-link-color has-montserrat-font-family has-upper-heading-font-size wp-elements-1aa7301f960ed7fa943a9ce96bb4a109\"><strong>ACCORDING TO THEIR PURPOSE, COOKIES CAN BE:<\/strong><\/p>\n\n\n\n<ul class=\"wp-block-list\">\n<li class=\"has-accent-color has-text-color has-link-color has-montserrat-font-family wp-elements-53e34c6d1e72d6f69612dc29516321a2\"><em>Technical or Functional Cookies<\/em><\/li>\n<\/ul>\n\n\n\n<p class=\"has-accent-color has-text-color has-link-color has-montserrat-font-family wp-elements-b58e10c73f30b089e979dd7385229466\">Some cookies ensure that certain parts of the website function correctly and that user preferences can be remembered. By placing functional cookies, we make the visit and use of our website easier. This way, it is not necessary to repeatedly enter the same information when visiting our site, and, for example, items remain in the shopping cart until the user completes the purchase. Regulations allow us to place these cookies without your consent.<\/p>\n\n\n\n<ul class=\"wp-block-list\">\n<li class=\"has-accent-color has-text-color has-link-color has-montserrat-font-family wp-elements-e9c64a864608800072ce35384156a709\"><em>Analytical Cookies<\/em><\/li>\n<\/ul>\n\n\n\n<p class=\"has-accent-color has-text-color has-link-color has-montserrat-font-family wp-elements-17c8d394b4c5bd5bcbfa856a649e07a9\">These cookies are used to optimize the experience on the website. They allow tracking and analysis of user behavior on websites. User consent is required for their placement. This information is valuable to improve and adjust content and design, ensuring a more efficient and personalized experience.<\/p>\n\n\n\n<ul class=\"wp-block-list\">\n<li class=\"has-accent-color has-text-color has-link-color has-montserrat-font-family wp-elements-9aa89ae056da186634e20417c1e7887f\"><em>Advertising or Marketing Cookies<\/em><\/li>\n<\/ul>\n\n\n\n<p class=\"has-accent-color has-text-color has-link-color has-montserrat-font-family wp-elements-f26bad13178f6372e311b72c91ab466e\">These cookies store information about user behavior obtained through continuous observation of browsing habits, allowing the creation of a specific profile to display targeted advertising. Both we and third parties collect information on campaign results based on a profile created from user clicks and browsing. With these cookies, the user, as a website visitor, is linked to a unique ID. User consent is required to place these cookies.<\/p>\n\n\n\n<ul class=\"wp-block-list\">\n<li class=\"has-accent-color has-text-color has-link-color has-montserrat-font-family wp-elements-13285cb5cfa5197c3c2b60dade4a68a7\"><em>Social Media Buttons<\/em><\/li>\n<\/ul>\n\n\n\n<p class=\"has-accent-color has-text-color has-link-color has-montserrat-font-family wp-elements-52adacc41c608bedb331a3da43fbf871\">These are buttons used to promote pages (e.g., \u201cLike\u201d, \u201cPin\u201d) or share them (e.g., \u201cTweet\u201d) on social networks such as Facebook. These buttons work using code from these social networks; this code embeds cookies. Social media buttons may store and process certain information, allowing personalized ads to be shown.<\/p>\n\n\n\n<p class=\"has-accent-color has-text-color has-link-color has-montserrat-font-family wp-elements-0c9b507d1e6f16a88befd989b9822374\">By clicking these buttons, you consent to the use of cookies by these social networks, which will be governed solely by the privacy policy of the respective entities. Please read the privacy policy of these social networks (which may change frequently) to understand how they handle your data processed through these cookies.<\/p>\n\n\n\n<p class=\"has-accent-color has-text-color has-link-color has-montserrat-font-family has-upper-heading-font-size wp-elements-17a68064affa7ffe890c3802ddc1d451\"><strong>THIS WEBSITE USES THE FOLLOWING COOKIES:<\/strong><\/p>\n\n\n\n<figure class=\"wp-block-image size-full\"><img loading=\"lazy\" decoding=\"async\" width=\"857\" height=\"199\" src=\"https:\/\/demaq.com\/wp-content\/uploads\/politica-cookies.jpg\" alt=\"\" class=\"wp-image-5374\" srcset=\"https:\/\/demaq.com\/wp-content\/uploads\/politica-cookies.jpg 857w, https:\/\/demaq.com\/wp-content\/uploads\/politica-cookies-300x70.jpg 300w, https:\/\/demaq.com\/wp-content\/uploads\/politica-cookies-768x178.jpg 768w, https:\/\/demaq.com\/wp-content\/uploads\/politica-cookies-18x4.jpg 18w\" sizes=\"auto, (max-width: 857px) 100vw, 857px\" \/><\/figure>\n\n\n\n<p class=\"has-accent-color has-text-color has-link-color has-montserrat-font-family has-upper-heading-font-size wp-elements-0ff9cbb4f165481b03cfda22fbdce4fb\"><strong>COOKIE CONSENT AND SETTINGS<\/strong><\/p>\n\n\n\n<p class=\"has-accent-color has-text-color has-link-color has-montserrat-font-family wp-elements-ed2bbfbf3de2e4db48f2809ccfd6a1fc\">When you visit our website for the first time, we will display a pop-up window explaining cookies (\u201cfirst layer\u201d). As soon as you click the accept button, you consent to our use of the cookie categories and plugins you have selected in the pop-up, as described in this Cookie Policy. You can disable cookies through your browser or manage your preferences via the cookie management banner on our website.<\/p>\n\n\n\n<p class=\"has-accent-color has-text-color has-link-color has-montserrat-font-family has-upper-heading-font-size wp-elements-bbf2a9ef143332be22ee5c38fd479f14\"><strong>YOUR RIGHTS REGARDING PERSONAL DATA<\/strong><\/p>\n\n\n\n<p class=\"has-accent-color has-text-color has-link-color has-montserrat-font-family wp-elements-0b248e6abe07504d0e038cbee2aa6cc4\">Visit our Privacy Policy to learn about your rights regarding the processing of personal data and how to exercise them.<\/p>\n\n\n\n<p class=\"has-accent-color has-text-color has-link-color has-montserrat-font-family has-upper-heading-font-size wp-elements-9fde504751e8efda3e7c4359f27265b2\"><strong>ACTIVATION, DEACTIVATION, AND DELETION OF COOKIES<\/strong><\/p>\n\n\n\n<p class=\"has-accent-color has-text-color has-link-color has-montserrat-font-family wp-elements-1f6a0e9274703562fe1fccacc18a4c2d\">You can use your web browser to delete cookies automatically or manually. You can also specify that certain cookies cannot be placed. Another option is to change your browser settings so that you receive a notification each time a cookie is set. For more information about these options, please consult the \u201cHelp\u201d section of your browser.<\/p>\n\n\n\n<p class=\"has-accent-color has-text-color has-link-color has-montserrat-font-family wp-elements-414163849f0ec227115df51ea80529ac\">Please note that our website may not function properly if all cookies are disabled. If you delete cookies from your browser, they will be placed again after your consent when you revisit our websites.<\/p>\n\n\n\n<p><\/p>","protected":false},"excerpt":{"rendered":"<p>INTRODUCCI\u00d3N En cumplimiento de la Ley 34\/2002, de 11 de julio, de Servicios de la Sociedad de la Informaci\u00f3n y Comercio Electr\u00f3nico informamos al Usuario de la utilizaci\u00f3n de cookies en la web de \u201cDemaq Galicia\u201d. Las cookies permiten, entre otras cosas, recopilar informaci\u00f3n estad\u00edstica, facilitar ciertas funcionalidades t\u00e9cnicas, almacenar y recuperar informaci\u00f3n sobre los [&hellip;]<\/p>\n","protected":false},"author":5,"featured_media":0,"parent":0,"menu_order":0,"comment_status":"closed","ping_status":"closed","template":"general","meta":{"_themeisle_gutenberg_block_has_review":false,"footnotes":""},"class_list":["post-3402","page","type-page","status-publish","hentry"],"yoast_head":"<!-- This site is optimized with the Yoast SEO plugin v27.2 - https:\/\/yoast.com\/product\/yoast-seo-wordpress\/ -->\n<title>Pol\u00edtica de cookies - DEMAQ<\/title>\n<meta name=\"robots\" content=\"index, follow, max-snippet:-1, max-image-preview:large, max-video-preview:-1\" \/>\n<link rel=\"canonical\" href=\"https:\/\/demaq.com\/en\/politica-de-cookies\/\" \/>\n<meta property=\"og:locale\" content=\"en_US\" \/>\n<meta property=\"og:type\" content=\"article\" \/>\n<meta property=\"og:title\" content=\"Pol\u00edtica de cookies - DEMAQ\" \/>\n<meta property=\"og:description\" content=\"INTRODUCCI\u00d3N En cumplimiento de la Ley 34\/2002, de 11 de julio, de Servicios de la Sociedad de la Informaci\u00f3n y Comercio Electr\u00f3nico informamos al Usuario de la utilizaci\u00f3n de cookies en la web de \u201cDemaq Galicia\u201d. Las cookies permiten, entre otras cosas, recopilar informaci\u00f3n estad\u00edstica, facilitar ciertas funcionalidades t\u00e9cnicas, almacenar y recuperar informaci\u00f3n sobre los [&hellip;]\" \/>\n<meta property=\"og:url\" content=\"https:\/\/demaq.com\/en\/politica-de-cookies\/\" \/>\n<meta property=\"og:site_name\" content=\"DEMAQ\" \/>\n<meta property=\"article:modified_time\" content=\"2026-04-06T06:06:20+00:00\" \/>\n<meta property=\"og:image\" content=\"https:\/\/demaq.com\/wp-content\/uploads\/politica-cookies.jpg\" \/>\n\t<meta property=\"og:image:width\" content=\"857\" \/>\n\t<meta property=\"og:image:height\" content=\"199\" \/>\n\t<meta property=\"og:image:type\" content=\"image\/jpeg\" \/>\n<meta name=\"twitter:card\" content=\"summary_large_image\" \/>\n<meta name=\"twitter:label1\" content=\"Est. reading time\" \/>\n\t<meta name=\"twitter:data1\" content=\"6 minutes\" \/>\n<script type=\"application\/ld+json\" class=\"yoast-schema-graph\">{\"@context\":\"https:\/\/schema.org\",\"@graph\":[{\"@type\":\"WebPage\",\"@id\":\"https:\/\/demaq.com\/politica-de-cookies\/\",\"url\":\"https:\/\/demaq.com\/politica-de-cookies\/\",\"name\":\"Pol\u00edtica de cookies - DEMAQ\",\"isPartOf\":{\"@id\":\"https:\/\/demaq.com\/#website\"},\"primaryImageOfPage\":{\"@id\":\"https:\/\/demaq.com\/politica-de-cookies\/#primaryimage\"},\"image\":{\"@id\":\"https:\/\/demaq.com\/politica-de-cookies\/#primaryimage\"},\"thumbnailUrl\":\"https:\/\/demaq.com\/wp-content\/uploads\/politica-cookies.jpg\",\"datePublished\":\"2023-04-24T09:45:55+00:00\",\"dateModified\":\"2026-04-06T06:06:20+00:00\",\"breadcrumb\":{\"@id\":\"https:\/\/demaq.com\/politica-de-cookies\/#breadcrumb\"},\"inLanguage\":\"en-US\",\"potentialAction\":[{\"@type\":\"ReadAction\",\"target\":[\"https:\/\/demaq.com\/politica-de-cookies\/\"]}]},{\"@type\":\"ImageObject\",\"inLanguage\":\"en-US\",\"@id\":\"https:\/\/demaq.com\/politica-de-cookies\/#primaryimage\",\"url\":\"https:\/\/demaq.com\/wp-content\/uploads\/politica-cookies.jpg\",\"contentUrl\":\"https:\/\/demaq.com\/wp-content\/uploads\/politica-cookies.jpg\"},{\"@type\":\"BreadcrumbList\",\"@id\":\"https:\/\/demaq.com\/politica-de-cookies\/#breadcrumb\",\"itemListElement\":[{\"@type\":\"ListItem\",\"position\":1,\"name\":\"Portada\",\"item\":\"https:\/\/demaq.com\/\"},{\"@type\":\"ListItem\",\"position\":2,\"name\":\"Pol\u00edtica de cookies\"}]},{\"@type\":\"WebSite\",\"@id\":\"https:\/\/demaq.com\/#website\",\"url\":\"https:\/\/demaq.com\/\",\"name\":\"DEMAQ\",\"description\":\"\",\"publisher\":{\"@id\":\"https:\/\/demaq.com\/#organization\"},\"potentialAction\":[{\"@type\":\"SearchAction\",\"target\":{\"@type\":\"EntryPoint\",\"urlTemplate\":\"https:\/\/demaq.com\/?s={search_term_string}\"},\"query-input\":{\"@type\":\"PropertyValueSpecification\",\"valueRequired\":true,\"valueName\":\"search_term_string\"}}],\"inLanguage\":\"en-US\"},{\"@type\":\"Organization\",\"@id\":\"https:\/\/demaq.com\/#organization\",\"name\":\"DEMAQ\",\"url\":\"https:\/\/demaq.com\/\",\"logo\":{\"@type\":\"ImageObject\",\"inLanguage\":\"en-US\",\"@id\":\"https:\/\/demaq.com\/#\/schema\/logo\/image\/\",\"url\":\"https:\/\/demaq.com\/wp-content\/uploads\/logo-demaq.png\",\"contentUrl\":\"https:\/\/demaq.com\/wp-content\/uploads\/logo-demaq.png\",\"width\":400,\"height\":62,\"caption\":\"DEMAQ\"},\"image\":{\"@id\":\"https:\/\/demaq.com\/#\/schema\/logo\/image\/\"}}]}<\/script>\n<!-- \/ Yoast SEO plugin. -->","yoast_head_json":{"title":"Pol\u00edtica de cookies - DEMAQ","robots":{"index":"index","follow":"follow","max-snippet":"max-snippet:-1","max-image-preview":"max-image-preview:large","max-video-preview":"max-video-preview:-1"},"canonical":"https:\/\/demaq.com\/en\/politica-de-cookies\/","og_locale":"en_US","og_type":"article","og_title":"Pol\u00edtica de cookies - DEMAQ","og_description":"INTRODUCCI\u00d3N En cumplimiento de la Ley 34\/2002, de 11 de julio, de Servicios de la Sociedad de la Informaci\u00f3n y Comercio Electr\u00f3nico informamos al Usuario de la utilizaci\u00f3n de cookies en la web de \u201cDemaq Galicia\u201d. Las cookies permiten, entre otras cosas, recopilar informaci\u00f3n estad\u00edstica, facilitar ciertas funcionalidades t\u00e9cnicas, almacenar y recuperar informaci\u00f3n sobre los [&hellip;]","og_url":"https:\/\/demaq.com\/en\/politica-de-cookies\/","og_site_name":"DEMAQ","article_modified_time":"2026-04-06T06:06:20+00:00","og_image":[{"width":857,"height":199,"url":"https:\/\/demaq.com\/wp-content\/uploads\/politica-cookies.jpg","type":"image\/jpeg"}],"twitter_card":"summary_large_image","twitter_misc":{"Est. reading time":"6 minutes"},"schema":{"@context":"https:\/\/schema.org","@graph":[{"@type":"WebPage","@id":"https:\/\/demaq.com\/politica-de-cookies\/","url":"https:\/\/demaq.com\/politica-de-cookies\/","name":"Pol\u00edtica de cookies - DEMAQ","isPartOf":{"@id":"https:\/\/demaq.com\/#website"},"primaryImageOfPage":{"@id":"https:\/\/demaq.com\/politica-de-cookies\/#primaryimage"},"image":{"@id":"https:\/\/demaq.com\/politica-de-cookies\/#primaryimage"},"thumbnailUrl":"https:\/\/demaq.com\/wp-content\/uploads\/politica-cookies.jpg","datePublished":"2023-04-24T09:45:55+00:00","dateModified":"2026-04-06T06:06:20+00:00","breadcrumb":{"@id":"https:\/\/demaq.com\/politica-de-cookies\/#breadcrumb"},"inLanguage":"en-US","potentialAction":[{"@type":"ReadAction","target":["https:\/\/demaq.com\/politica-de-cookies\/"]}]},{"@type":"ImageObject","inLanguage":"en-US","@id":"https:\/\/demaq.com\/politica-de-cookies\/#primaryimage","url":"https:\/\/demaq.com\/wp-content\/uploads\/politica-cookies.jpg","contentUrl":"https:\/\/demaq.com\/wp-content\/uploads\/politica-cookies.jpg"},{"@type":"BreadcrumbList","@id":"https:\/\/demaq.com\/politica-de-cookies\/#breadcrumb","itemListElement":[{"@type":"ListItem","position":1,"name":"Portada","item":"https:\/\/demaq.com\/"},{"@type":"ListItem","position":2,"name":"Pol\u00edtica de cookies"}]},{"@type":"WebSite","@id":"https:\/\/demaq.com\/#website","url":"https:\/\/demaq.com\/","name":"DEMAQ","description":"","publisher":{"@id":"https:\/\/demaq.com\/#organization"},"potentialAction":[{"@type":"SearchAction","target":{"@type":"EntryPoint","urlTemplate":"https:\/\/demaq.com\/?s={search_term_string}"},"query-input":{"@type":"PropertyValueSpecification","valueRequired":true,"valueName":"search_term_string"}}],"inLanguage":"en-US"},{"@type":"Organization","@id":"https:\/\/demaq.com\/#organization","name":"DEMAQ","url":"https:\/\/demaq.com\/","logo":{"@type":"ImageObject","inLanguage":"en-US","@id":"https:\/\/demaq.com\/#\/schema\/logo\/image\/","url":"https:\/\/demaq.com\/wp-content\/uploads\/logo-demaq.png","contentUrl":"https:\/\/demaq.com\/wp-content\/uploads\/logo-demaq.png","width":400,"height":62,"caption":"DEMAQ"},"image":{"@id":"https:\/\/demaq.com\/#\/schema\/logo\/image\/"}}]}},"_links":{"self":[{"href":"https:\/\/demaq.com\/en\/wp-json\/wp\/v2\/pages\/3402","targetHints":{"allow":["GET"]}}],"collection":[{"href":"https:\/\/demaq.com\/en\/wp-json\/wp\/v2\/pages"}],"about":[{"href":"https:\/\/demaq.com\/en\/wp-json\/wp\/v2\/types\/page"}],"author":[{"embeddable":true,"href":"https:\/\/demaq.com\/en\/wp-json\/wp\/v2\/users\/5"}],"replies":[{"embeddable":true,"href":"https:\/\/demaq.com\/en\/wp-json\/wp\/v2\/comments?post=3402"}],"version-history":[{"count":6,"href":"https:\/\/demaq.com\/en\/wp-json\/wp\/v2\/pages\/3402\/revisions"}],"predecessor-version":[{"id":5376,"href":"https:\/\/demaq.com\/en\/wp-json\/wp\/v2\/pages\/3402\/revisions\/5376"}],"wp:attachment":[{"href":"https:\/\/demaq.com\/en\/wp-json\/wp\/v2\/media?parent=3402"}],"curies":[{"name":"wp","href":"https:\/\/api.w.org\/{rel}","templated":true}]}}